{"id":5731,"date":"2021-06-07T08:12:56","date_gmt":"2021-06-07T07:12:56","guid":{"rendered":"https:\/\/goodgut.eu\/pipeline\/raid-dx-pipeline\/"},"modified":"2021-06-15T14:51:43","modified_gmt":"2021-06-15T13:51:43","slug":"raid-dx-pipeline","status":"publish","type":"page","link":"https:\/\/goodgut.eu\/en\/pipeline\/raid-dx-pipeline\/","title":{"rendered":"RAID-Dx pipeline"},"content":{"rendered":"\t\t<div data-elementor-type=\"wp-page\" data-elementor-id=\"5731\" class=\"elementor elementor-5731 elementor-2207\" data-elementor-post-type=\"page\">\n\t\t\t\t\t\t<section class=\"elementor-section elementor-top-section elementor-element elementor-element-7fddd4e pipeline elementor-section-boxed elementor-section-height-default elementor-section-height-default\" data-id=\"7fddd4e\" data-element_type=\"section\" data-e-type=\"section\" data-settings=\"{&quot;background_background&quot;:&quot;classic&quot;}\">\n\t\t\t\t\t\t\t<div class=\"elementor-background-overlay\"><\/div>\n\t\t\t\t\t\t\t<div class=\"elementor-container elementor-column-gap-extended\">\n\t\t\t\t\t<div class=\"elementor-column elementor-col-100 elementor-top-column elementor-element elementor-element-6041a81\" data-id=\"6041a81\" data-element_type=\"column\" data-e-type=\"column\">\n\t\t\t<div class=\"elementor-widget-wrap elementor-element-populated\">\n\t\t\t\t\t\t<div class=\"elementor-element elementor-element-4a6d2fd elementor-widget elementor-widget-text-editor\" data-id=\"4a6d2fd\" data-element_type=\"widget\" data-e-type=\"widget\" data-widget_type=\"text-editor.default\">\n\t\t\t\t<div class=\"elementor-widget-container\">\n\t\t\t\t\t\t\t\t\t<h1>RAID-Dx pipeline<\/h1>\n<h3><em>In vitro<\/em> Diagnostics. Irritable Bowel Syndrome<\/h3>\n\t\t\t\t\t\t\t\t<\/div>\n\t\t\t\t<\/div>\n\t\t\t\t\t<\/div>\n\t\t<\/div>\n\t\t\t\t\t<\/div>\n\t\t<\/section>\n\t\t\t\t<section class=\"elementor-section elementor-top-section elementor-element elementor-element-479cb7e elementor-section-boxed elementor-section-height-default elementor-section-height-default\" data-id=\"479cb7e\" data-element_type=\"section\" data-e-type=\"section\" data-settings=\"{&quot;background_background&quot;:&quot;classic&quot;}\">\n\t\t\t\t\t\t<div class=\"elementor-container elementor-column-gap-default\">\n\t\t\t\t\t<div class=\"elementor-column elementor-col-100 elementor-top-column elementor-element elementor-element-29c46c3\" data-id=\"29c46c3\" data-element_type=\"column\" data-e-type=\"column\">\n\t\t\t<div class=\"elementor-widget-wrap elementor-element-populated\">\n\t\t\t\t\t\t<section class=\"elementor-section elementor-inner-section elementor-element elementor-element-600f1a1 quadre-pipeline elementor-section-boxed elementor-section-height-default elementor-section-height-default\" data-id=\"600f1a1\" data-element_type=\"section\" data-e-type=\"section\">\n\t\t\t\t\t\t<div class=\"elementor-container elementor-column-gap-default\">\n\t\t\t\t\t<div class=\"elementor-column elementor-col-12 elementor-inner-column elementor-element elementor-element-e7366b5\" data-id=\"e7366b5\" data-element_type=\"column\" data-e-type=\"column\">\n\t\t\t<div class=\"elementor-widget-wrap elementor-element-populated\">\n\t\t\t\t\t\t<div class=\"elementor-element elementor-element-e07d4f9 elementor-widget elementor-widget-text-editor\" data-id=\"e07d4f9\" data-element_type=\"widget\" data-e-type=\"widget\" data-widget_type=\"text-editor.default\">\n\t\t\t\t<div class=\"elementor-widget-container\">\n\t\t\t\t\t\t\t\t\t<p>Ideation<\/p>\n\t\t\t\t\t\t\t\t<\/div>\n\t\t\t\t<\/div>\n\t\t\t\t\t<\/div>\n\t\t<\/div>\n\t\t\t\t<div class=\"elementor-column elementor-col-12 elementor-inner-column elementor-element elementor-element-70d389e\" data-id=\"70d389e\" data-element_type=\"column\" data-e-type=\"column\">\n\t\t\t<div class=\"elementor-widget-wrap elementor-element-populated\">\n\t\t\t\t\t\t<div class=\"elementor-element elementor-element-3807f58 elementor-widget elementor-widget-text-editor\" data-id=\"3807f58\" data-element_type=\"widget\" data-e-type=\"widget\" data-widget_type=\"text-editor.default\">\n\t\t\t\t<div class=\"elementor-widget-container\">\n\t\t\t\t\t\t\t\t\t<p>Product Definition<\/p>\n\t\t\t\t\t\t\t\t<\/div>\n\t\t\t\t<\/div>\n\t\t\t\t\t<\/div>\n\t\t<\/div>\n\t\t\t\t<div class=\"elementor-column elementor-col-12 elementor-inner-column elementor-element elementor-element-60fdcfe\" data-id=\"60fdcfe\" data-element_type=\"column\" data-e-type=\"column\">\n\t\t\t<div class=\"elementor-widget-wrap elementor-element-populated\">\n\t\t\t\t\t\t<div class=\"elementor-element elementor-element-581cd1e elementor-widget elementor-widget-text-editor\" data-id=\"581cd1e\" data-element_type=\"widget\" data-e-type=\"widget\" data-widget_type=\"text-editor.default\">\n\t\t\t\t<div class=\"elementor-widget-container\">\n\t\t\t\t\t\t\t\t\t<p>Product Optimitzation<\/p>\n\t\t\t\t\t\t\t\t<\/div>\n\t\t\t\t<\/div>\n\t\t\t\t\t<\/div>\n\t\t<\/div>\n\t\t\t\t<div class=\"elementor-column elementor-col-12 elementor-inner-column elementor-element elementor-element-5e10bff\" data-id=\"5e10bff\" data-element_type=\"column\" data-e-type=\"column\">\n\t\t\t<div class=\"elementor-widget-wrap elementor-element-populated\">\n\t\t\t\t\t\t<div class=\"elementor-element elementor-element-ea9d4dd elementor-widget elementor-widget-text-editor\" data-id=\"ea9d4dd\" data-element_type=\"widget\" data-e-type=\"widget\" data-widget_type=\"text-editor.default\">\n\t\t\t\t<div class=\"elementor-widget-container\">\n\t\t\t\t\t\t\t\t\t<p>Product Validation<\/p>\n\t\t\t\t\t\t\t\t<\/div>\n\t\t\t\t<\/div>\n\t\t\t\t\t<\/div>\n\t\t<\/div>\n\t\t\t\t<div class=\"elementor-column elementor-col-12 elementor-inner-column elementor-element elementor-element-c1c8237\" data-id=\"c1c8237\" data-element_type=\"column\" data-e-type=\"column\">\n\t\t\t<div class=\"elementor-widget-wrap elementor-element-populated\">\n\t\t\t\t\t\t<div class=\"elementor-element elementor-element-774251b elementor-widget elementor-widget-text-editor\" data-id=\"774251b\" data-element_type=\"widget\" data-e-type=\"widget\" data-widget_type=\"text-editor.default\">\n\t\t\t\t<div class=\"elementor-widget-container\">\n\t\t\t\t\t\t\t\t\t<p>Regulatory<\/p>\n\t\t\t\t\t\t\t\t<\/div>\n\t\t\t\t<\/div>\n\t\t\t\t\t<\/div>\n\t\t<\/div>\n\t\t\t\t<div class=\"elementor-column elementor-col-12 elementor-inner-column elementor-element elementor-element-242738f\" data-id=\"242738f\" data-element_type=\"column\" data-e-type=\"column\">\n\t\t\t<div class=\"elementor-widget-wrap elementor-element-populated\">\n\t\t\t\t\t\t<div class=\"elementor-element elementor-element-f9c596c elementor-widget elementor-widget-text-editor\" data-id=\"f9c596c\" data-element_type=\"widget\" data-e-type=\"widget\" data-widget_type=\"text-editor.default\">\n\t\t\t\t<div class=\"elementor-widget-container\">\n\t\t\t\t\t\t\t\t\t<p>Testing Service<\/p>\n\t\t\t\t\t\t\t\t<\/div>\n\t\t\t\t<\/div>\n\t\t\t\t\t<\/div>\n\t\t<\/div>\n\t\t\t\t<div class=\"elementor-column elementor-col-12 elementor-inner-column elementor-element elementor-element-317788a\" data-id=\"317788a\" data-element_type=\"column\" data-e-type=\"column\">\n\t\t\t<div class=\"elementor-widget-wrap elementor-element-populated\">\n\t\t\t\t\t\t<div class=\"elementor-element elementor-element-d31a63c elementor-widget elementor-widget-text-editor\" data-id=\"d31a63c\" data-element_type=\"widget\" data-e-type=\"widget\" data-widget_type=\"text-editor.default\">\n\t\t\t\t<div class=\"elementor-widget-container\">\n\t\t\t\t\t\t\t\t\t<p>Product Launch<\/p>\n\t\t\t\t\t\t\t\t<\/div>\n\t\t\t\t<\/div>\n\t\t\t\t\t<\/div>\n\t\t<\/div>\n\t\t\t\t<div class=\"elementor-column elementor-col-12 elementor-inner-column elementor-element elementor-element-ea1fa61\" data-id=\"ea1fa61\" data-element_type=\"column\" data-e-type=\"column\">\n\t\t\t<div class=\"elementor-widget-wrap elementor-element-populated\">\n\t\t\t\t\t\t<div class=\"elementor-element elementor-element-10a1a3d elementor-widget elementor-widget-text-editor\" data-id=\"10a1a3d\" data-element_type=\"widget\" data-e-type=\"widget\" data-widget_type=\"text-editor.default\">\n\t\t\t\t<div class=\"elementor-widget-container\">\n\t\t\t\t\t\t\t\t\t<p>Product Maintenance<\/p>\n\t\t\t\t\t\t\t\t<\/div>\n\t\t\t\t<\/div>\n\t\t\t\t\t<\/div>\n\t\t<\/div>\n\t\t\t\t\t<\/div>\n\t\t<\/section>\n\t\t\t\t<div class=\"elementor-element elementor-element-605221f barra-pipeline dx elementor-widget elementor-widget-global elementor-global-3059 elementor-widget-progress\" data-id=\"605221f\" data-element_type=\"widget\" data-e-type=\"widget\" data-widget_type=\"progress.default\">\n\t\t\t\t<div class=\"elementor-widget-container\">\n\t\t\t\t\t\n\t\t<div class=\"elementor-progress-wrapper\" role=\"progressbar\" aria-valuemin=\"0\" aria-valuemax=\"100\" aria-valuenow=\"74\">\n\t\t\t<div class=\"elementor-progress-bar\" data-max=\"74\">\n\t\t\t\t<span class=\"elementor-progress-text\"><\/span>\n\t\t\t\t\t\t\t<\/div>\n\t\t<\/div>\n\t\t\t\t\t\t<\/div>\n\t\t\t\t<\/div>\n\t\t\t\t\t<\/div>\n\t\t<\/div>\n\t\t\t\t\t<\/div>\n\t\t<\/section>\n\t\t\t\t<section class=\"elementor-section elementor-top-section elementor-element elementor-element-d1755ed pipeline elementor-section-boxed elementor-section-height-default elementor-section-height-default\" data-id=\"d1755ed\" data-element_type=\"section\" data-e-type=\"section\" data-settings=\"{&quot;background_background&quot;:&quot;classic&quot;}\">\n\t\t\t\t\t\t<div class=\"elementor-container elementor-column-gap-default\">\n\t\t\t\t\t<div class=\"elementor-column elementor-col-50 elementor-top-column elementor-element elementor-element-e86523f\" data-id=\"e86523f\" data-element_type=\"column\" data-e-type=\"column\">\n\t\t\t<div class=\"elementor-widget-wrap elementor-element-populated\">\n\t\t\t\t\t\t<div class=\"elementor-element elementor-element-b12e2e7 elementor-widget elementor-widget-text-editor\" data-id=\"b12e2e7\" data-element_type=\"widget\" data-e-type=\"widget\" data-widget_type=\"text-editor.default\">\n\t\t\t\t<div class=\"elementor-widget-container\">\n\t\t\t\t\t\t\t\t\t<h3>Definition in intestinal biopsies<\/h3>\n\t\t\t\t\t\t\t\t<\/div>\n\t\t\t\t<\/div>\n\t\t\t\t<div class=\"elementor-element elementor-element-1689a7e elementor-widget elementor-widget-image\" data-id=\"1689a7e\" data-element_type=\"widget\" data-e-type=\"widget\" data-widget_type=\"image.default\">\n\t\t\t\t<div class=\"elementor-widget-container\">\n\t\t\t\t\t\t\t\t\t\t\t\t\t\t\t<img decoding=\"async\" width=\"1\" height=\"1\" src=\"https:\/\/goodgut.eu\/wp-content\/uploads\/2021\/03\/pipeline_definicion_2.svg\" class=\"attachment-large size-large wp-image-2922\" alt=\"\" \/>\t\t\t\t\t\t\t\t\t\t\t\t\t\t\t<\/div>\n\t\t\t\t<\/div>\n\t\t\t\t<div class=\"elementor-element elementor-element-06357fc multiply elementor-widget elementor-widget-image\" data-id=\"06357fc\" data-element_type=\"widget\" data-e-type=\"widget\" data-widget_type=\"image.default\">\n\t\t\t\t<div class=\"elementor-widget-container\">\n\t\t\t\t\t\t\t\t\t\t\t\t\t\t\t<img decoding=\"async\" width=\"400\" height=\"60\" src=\"https:\/\/goodgut.eu\/wp-content\/uploads\/2021\/03\/th_logos_dx_def.jpg\" class=\"attachment-large size-large wp-image-2934\" alt=\"\" srcset=\"https:\/\/goodgut.eu\/wp-content\/uploads\/2021\/03\/th_logos_dx_def.jpg 400w, https:\/\/goodgut.eu\/wp-content\/uploads\/2021\/03\/th_logos_dx_def-300x45.jpg 300w\" sizes=\"(max-width: 400px) 100vw, 400px\" \/>\t\t\t\t\t\t\t\t\t\t\t\t\t\t\t<\/div>\n\t\t\t\t<\/div>\n\t\t\t\t<div class=\"elementor-element elementor-element-bb5d670 elementor-position-left elementor-vertical-align-top elementor-widget elementor-widget-image-box\" data-id=\"bb5d670\" data-element_type=\"widget\" data-e-type=\"widget\" data-widget_type=\"image-box.default\">\n\t\t\t\t<div class=\"elementor-widget-container\">\n\t\t\t\t\t<div class=\"elementor-image-box-wrapper\"><figure class=\"elementor-image-box-img\"><img decoding=\"async\" src=\"https:\/\/goodgut.eu\/wp-content\/uploads\/2021\/03\/ico-subject.svg\" class=\"attachment-full size-full wp-image-2074\" alt=\"\" \/><\/figure><div class=\"elementor-image-box-content\"><p class=\"elementor-image-box-description\">10 patients with IBS<br>56 patients with IBD<\/p><\/div><\/div>\t\t\t\t<\/div>\n\t\t\t\t<\/div>\n\t\t\t\t<div class=\"elementor-element elementor-element-f2afc81 elementor-position-left elementor-vertical-align-top elementor-widget elementor-widget-image-box\" data-id=\"f2afc81\" data-element_type=\"widget\" data-e-type=\"widget\" data-widget_type=\"image-box.default\">\n\t\t\t\t<div class=\"elementor-widget-container\">\n\t\t\t\t\t<div class=\"elementor-image-box-wrapper\"><figure class=\"elementor-image-box-img\"><img decoding=\"async\" src=\"https:\/\/goodgut.eu\/wp-content\/uploads\/2021\/03\/ico-subject.svg\" class=\"attachment-full size-full wp-image-2074\" alt=\"\" \/><\/figure><div class=\"elementor-image-box-content\"><p class=\"elementor-image-box-description\"><br>31 healthy subjects<\/p><\/div><\/div>\t\t\t\t<\/div>\n\t\t\t\t<\/div>\n\t\t\t\t<div class=\"elementor-element elementor-element-4d2c168 elementor-widget elementor-widget-spacer\" data-id=\"4d2c168\" data-element_type=\"widget\" data-e-type=\"widget\" data-widget_type=\"spacer.default\">\n\t\t\t\t<div class=\"elementor-widget-container\">\n\t\t\t\t\t\t\t<div class=\"elementor-spacer\">\n\t\t\t<div class=\"elementor-spacer-inner\"><\/div>\n\t\t<\/div>\n\t\t\t\t\t\t<\/div>\n\t\t\t\t<\/div>\n\t\t\t\t<div class=\"elementor-element elementor-element-470ff9a elementor-align-center elementor-widget elementor-widget-button\" data-id=\"470ff9a\" data-element_type=\"widget\" data-e-type=\"widget\" data-widget_type=\"button.default\">\n\t\t\t\t<div class=\"elementor-widget-container\">\n\t\t\t\t\t\t\t\t\t<div class=\"elementor-button-wrapper\">\n\t\t\t\t\t<a class=\"elementor-button elementor-button-link elementor-size-sm\" href=\"https:\/\/pubmed.ncbi.nlm.nih.gov\/26595550\/\" target=\"_blank\" rel=\"noopener\">\n\t\t\t\t\t\t<span class=\"elementor-button-content-wrapper\">\n\t\t\t\t\t\t<span class=\"elementor-button-icon\">\n\t\t\t\t<i aria-hidden=\"true\" class=\"fas fa-external-link-alt\"><\/i>\t\t\t<\/span>\n\t\t\t\t\t\t\t\t\t<span class=\"elementor-button-text\">Lopez-Siles M, et al. 2014<\/span>\n\t\t\t\t\t<\/span>\n\t\t\t\t\t<\/a>\n\t\t\t\t<\/div>\n\t\t\t\t\t\t\t\t<\/div>\n\t\t\t\t<\/div>\n\t\t\t\t\t<\/div>\n\t\t<\/div>\n\t\t\t\t<div class=\"elementor-column elementor-col-50 elementor-top-column elementor-element elementor-element-5fd903c\" data-id=\"5fd903c\" data-element_type=\"column\" data-e-type=\"column\">\n\t\t\t<div class=\"elementor-widget-wrap elementor-element-populated\">\n\t\t\t\t\t\t<div class=\"elementor-element elementor-element-bca22ae elementor-widget elementor-widget-text-editor\" data-id=\"bca22ae\" data-element_type=\"widget\" data-e-type=\"widget\" data-widget_type=\"text-editor.default\">\n\t\t\t\t<div class=\"elementor-widget-container\">\n\t\t\t\t\t\t\t\t\t<h3>Optimization and validation in stool samples<\/h3>\n\t\t\t\t\t\t\t\t<\/div>\n\t\t\t\t<\/div>\n\t\t\t\t<div class=\"elementor-element elementor-element-26f3a75 elementor-widget elementor-widget-image\" data-id=\"26f3a75\" data-element_type=\"widget\" data-e-type=\"widget\" data-widget_type=\"image.default\">\n\t\t\t\t<div class=\"elementor-widget-container\">\n\t\t\t\t\t\t\t\t\t\t\t\t\t\t\t<img decoding=\"async\" width=\"1\" height=\"1\" src=\"https:\/\/goodgut.eu\/wp-content\/uploads\/2021\/03\/pipeline_optimizacion.svg\" class=\"attachment-large size-large wp-image-2924\" alt=\"\" \/>\t\t\t\t\t\t\t\t\t\t\t\t\t\t\t<\/div>\n\t\t\t\t<\/div>\n\t\t\t\t<div class=\"elementor-element elementor-element-2a49a0e multiply elementor-widget elementor-widget-image\" data-id=\"2a49a0e\" data-element_type=\"widget\" data-e-type=\"widget\" data-widget_type=\"image.default\">\n\t\t\t\t<div class=\"elementor-widget-container\">\n\t\t\t\t\t\t\t\t\t\t\t\t\t\t\t<img loading=\"lazy\" decoding=\"async\" width=\"400\" height=\"60\" src=\"https:\/\/goodgut.eu\/wp-content\/uploads\/2021\/03\/th_logos_dx_opt.jpg\" class=\"attachment-large size-large wp-image-2936\" alt=\"\" srcset=\"https:\/\/goodgut.eu\/wp-content\/uploads\/2021\/03\/th_logos_dx_opt.jpg 400w, https:\/\/goodgut.eu\/wp-content\/uploads\/2021\/03\/th_logos_dx_opt-300x45.jpg 300w\" sizes=\"(max-width: 400px) 100vw, 400px\" \/>\t\t\t\t\t\t\t\t\t\t\t\t\t\t\t<\/div>\n\t\t\t\t<\/div>\n\t\t\t\t<div class=\"elementor-element elementor-element-d57176f elementor-position-left elementor-vertical-align-top elementor-widget elementor-widget-image-box\" data-id=\"d57176f\" data-element_type=\"widget\" data-e-type=\"widget\" data-widget_type=\"image-box.default\">\n\t\t\t\t<div class=\"elementor-widget-container\">\n\t\t\t\t\t<div class=\"elementor-image-box-wrapper\"><figure class=\"elementor-image-box-img\"><img decoding=\"async\" src=\"https:\/\/goodgut.eu\/wp-content\/uploads\/2021\/03\/ico-subject.svg\" class=\"attachment-full size-full wp-image-2074\" alt=\"\" \/><\/figure><div class=\"elementor-image-box-content\"><p class=\"elementor-image-box-description\">80 IBS patients 58 IBD patients<br><\/p><\/div><\/div>\t\t\t\t<\/div>\n\t\t\t\t<\/div>\n\t\t\t\t<div class=\"elementor-element elementor-element-a6ab85c elementor-position-left elementor-vertical-align-top elementor-widget elementor-widget-image-box\" data-id=\"a6ab85c\" data-element_type=\"widget\" data-e-type=\"widget\" data-widget_type=\"image-box.default\">\n\t\t\t\t<div class=\"elementor-widget-container\">\n\t\t\t\t\t<div class=\"elementor-image-box-wrapper\"><figure class=\"elementor-image-box-img\"><img decoding=\"async\" src=\"https:\/\/goodgut.eu\/wp-content\/uploads\/2021\/03\/ico-subject.svg\" class=\"attachment-full size-full wp-image-2074\" alt=\"\" \/><\/figure><div class=\"elementor-image-box-content\"><p class=\"elementor-image-box-description\"><br>74 healthy subjects<\/p><\/div><\/div>\t\t\t\t<\/div>\n\t\t\t\t<\/div>\n\t\t\t\t<div class=\"elementor-element elementor-element-1a5d5f3 elementor-widget elementor-widget-spacer\" data-id=\"1a5d5f3\" data-element_type=\"widget\" data-e-type=\"widget\" data-widget_type=\"spacer.default\">\n\t\t\t\t<div class=\"elementor-widget-container\">\n\t\t\t\t\t\t\t<div class=\"elementor-spacer\">\n\t\t\t<div class=\"elementor-spacer-inner\"><\/div>\n\t\t<\/div>\n\t\t\t\t\t\t<\/div>\n\t\t\t\t<\/div>\n\t\t\t\t<div class=\"elementor-element elementor-element-574cca0 elementor-align-center elementor-widget elementor-widget-button\" data-id=\"574cca0\" data-element_type=\"widget\" data-e-type=\"widget\" data-widget_type=\"button.default\">\n\t\t\t\t<div class=\"elementor-widget-container\">\n\t\t\t\t\t\t\t\t\t<div class=\"elementor-button-wrapper\">\n\t\t\t\t\t<a class=\"elementor-button elementor-button-link elementor-size-sm\" href=\"https:\/\/onlinelibrary.wiley.com\/doi\/full\/10.1002\/ygh2.417\" target=\"_blank\" rel=\"noopener\">\n\t\t\t\t\t\t<span class=\"elementor-button-content-wrapper\">\n\t\t\t\t\t\t<span class=\"elementor-button-icon\">\n\t\t\t\t<i aria-hidden=\"true\" class=\"fas fa-external-link-alt\"><\/i>\t\t\t<\/span>\n\t\t\t\t\t\t\t\t\t<span class=\"elementor-button-text\">Rami\u00f3-Pujol et al. 2020<\/span>\n\t\t\t\t\t<\/span>\n\t\t\t\t\t<\/a>\n\t\t\t\t<\/div>\n\t\t\t\t\t\t\t\t<\/div>\n\t\t\t\t<\/div>\n\t\t\t\t\t<\/div>\n\t\t<\/div>\n\t\t\t\t\t<\/div>\n\t\t<\/section>\n\t\t\t\t<section class=\"elementor-section elementor-top-section elementor-element elementor-element-2588a2d pipeline elementor-section-boxed elementor-section-height-default elementor-section-height-default\" data-id=\"2588a2d\" data-element_type=\"section\" data-e-type=\"section\" data-settings=\"{&quot;background_background&quot;:&quot;classic&quot;}\">\n\t\t\t\t\t\t<div class=\"elementor-container elementor-column-gap-default\">\n\t\t\t\t\t<div class=\"elementor-column elementor-col-100 elementor-top-column elementor-element elementor-element-c03cbe8\" data-id=\"c03cbe8\" data-element_type=\"column\" data-e-type=\"column\">\n\t\t\t<div class=\"elementor-widget-wrap elementor-element-populated\">\n\t\t\t\t\t\t<div class=\"elementor-element elementor-element-b39d98a elementor-widget elementor-widget-text-editor\" data-id=\"b39d98a\" data-element_type=\"widget\" data-e-type=\"widget\" data-widget_type=\"text-editor.default\">\n\t\t\t\t<div class=\"elementor-widget-container\">\n\t\t\t\t\t\t\t\t\t<p class=\"small\">IBD, Inflammatory Bowel Disease; IBS, Irritable Bowel Syndrome<\/p>\n\t\t\t\t\t\t\t\t<\/div>\n\t\t\t\t<\/div>\n\t\t\t\t<div class=\"elementor-element elementor-element-f06a350 elementor-widget elementor-widget-spacer\" data-id=\"f06a350\" data-element_type=\"widget\" data-e-type=\"widget\" data-widget_type=\"spacer.default\">\n\t\t\t\t<div class=\"elementor-widget-container\">\n\t\t\t\t\t\t\t<div class=\"elementor-spacer\">\n\t\t\t<div class=\"elementor-spacer-inner\"><\/div>\n\t\t<\/div>\n\t\t\t\t\t\t<\/div>\n\t\t\t\t<\/div>\n\t\t\t\t\t<\/div>\n\t\t<\/div>\n\t\t\t\t\t<\/div>\n\t\t<\/section>\n\t\t\t\t<section class=\"elementor-section elementor-top-section elementor-element elementor-element-6204d75 elementor-section-boxed elementor-section-height-default elementor-section-height-default\" data-id=\"6204d75\" data-element_type=\"section\" data-e-type=\"section\">\n\t\t\t\t\t\t<div class=\"elementor-container elementor-column-gap-default\">\n\t\t\t\t\t<div class=\"elementor-column elementor-col-100 elementor-top-column elementor-element elementor-element-177c2b4\" data-id=\"177c2b4\" data-element_type=\"column\" data-e-type=\"column\">\n\t\t\t<div class=\"elementor-widget-wrap elementor-element-populated\">\n\t\t\t\t\t\t<div class=\"elementor-element elementor-element-690df83 elementor-widget elementor-widget-text-editor\" data-id=\"690df83\" data-element_type=\"widget\" data-e-type=\"widget\" data-widget_type=\"text-editor.default\">\n\t\t\t\t<div class=\"elementor-widget-container\">\n\t\t\t\t\t\t\t\t\t<h3>RAID-Dx (Risk Assessment of Intestinal Disease &#8211; Diagnosis) is the first non-invasive test for the accurate and reliable diagnosis of Irritable Bowel Syndrome by determining a microbial signature in stool samples.<\/h3>\n<h4>Current situation: problems and needs<\/h4>\n<ul>\n<li><span data-preserver-spaces=\"true\">9,2% of the global population suffers from Irritable Bowel Syndrome (IBS), a pathology that ranks in the top 10 most challenging diseases to diagnose according to Fleming&#8217;s List.<\/span><\/li>\n<li><span data-preserver-spaces=\"true\">There is no positive diagnostic test for IBS. Its diagnosis consists of applying the Rome IV criteria and performing several tests to discard other pathologies that may mimic IBS.<\/span><\/li>\n<li><span data-preserver-spaces=\"true\">Inflammatory Bowel Disease (IBD), which affects 50 million people worldwide, is one of the pathologies that can overlap with IBS and requires to perform invasive procedures for its diagnosis.<\/span><\/li>\n<li><span data-preserver-spaces=\"true\">It is estimated that up to 45% of patients wait more than 1 year to be diagnosed, while up to 17% wait longer than 5 years.<\/span><\/li>\n<\/ul>\n<p><strong><i class=\"fas fa-chevron-circle-right\" aria-hidden=\"true\"><\/i> There is the need for a non-invasive test to positively diagnose for IBS<\/strong><\/p>\n<h4>Our Proposal<\/h4>\n<p class=\"p1\">RAID-Dx is a patented non-invasive system that offers a positive diagnostic of IBS through determining the microbiological signature of the disease in the stool sample. The test allows to shorten the time to diagnosis and allows early access to an adequate treatment for the patient. Furthermore, it is also capable of differentiating IBS from IBD without the need for invasive tests.<\/p>\n<p class=\"p1\">The definition of the microbiological signature bases on the study of 111 intestinal biopsies with IBS, IBD, and healthy subjects, the comparison of which has enabled the identification of a differential signature in patients with IBS. Identifying these microorganisms in the intestinal mucosa is a key point since it is more stable and resilient against external factors such as diet. The latter allows to avoid variations in determination and to cover multiple populations with different habits. This first study has been conducted together with the Universitat de Girona, the Institut d&#8217;Investigaci\u00f3 Biom\u00e8dica de Girona (IdIBGi) and the Hospital Universitari de Girona Dr. Josep Trueta.<\/p>\n<p class=\"p2\">The next step to offer a non-invasive diagnostic test has been to optimize and validate the detection on feces of this microbial signature defined in the intestinal mucosa. To this end, a multicenter study has been conducted with a total of 212 fecal samples from subjects with IBS and IBS diagnosed according to the current criteria and confirmed with a colonoscopy, and with healthy subjects. National and international reference hospitals have participated: Hospital Universitari de Girona Dr. Josep Trueta, the Institut d\u2019Assit\u00e8ncia Sanit\u00e0ria (IAS), the Hospital Universitari de Bellvitge, the Hospital Universitari Germans Trias i Pujol, the Centro M\u00e9dico Teknon and the Beth Israel Deaconess Medical Center de Boston. For more information, you can consult the published results of the study here (<a href=\"https:\/\/onlinelibrary.wiley.com\/doi\/full\/10.1002\/ygh2.417\" target=\"_blank\" rel=\"noopener\">Rami\u00f3-Pujol, et al. 2020).<\/a><\/p>\n<p class=\"p1\">Currently, RAID-Dx is for patients with recurrent abdominal pain and alterations in the frequency and consistency of depositions. With our research, we want to give an answer to intestinal discomfort and improve the quality of life of patients.<\/p>\n\t\t\t\t\t\t\t\t<\/div>\n\t\t\t\t<\/div>\n\t\t\t\t\t<\/div>\n\t\t<\/div>\n\t\t\t\t\t<\/div>\n\t\t<\/section>\n\t\t\t\t<\/div>\n\t\t","protected":false},"excerpt":{"rendered":"<p>RAID-Dx pipeline In vitro Diagnostics. Irritable Bowel Syndrome Ideation Product Definition Product Optimitzation Product Validation Regulatory Testing Service Product Launch Product Maintenance Definition in intestinal biopsies 10 patients with IBS56 patients with IBD 31 healthy subjects Lopez-Siles M, et al. 2014 Optimization and validation in stool samples 80 IBS patients 58 IBD patients 74 healthy [&hellip;]<\/p>\n","protected":false},"author":1,"featured_media":0,"parent":5675,"menu_order":0,"comment_status":"closed","ping_status":"closed","template":"elementor_header_footer","meta":{"_acf_changed":false,"footnotes":""},"class_list":["post-5731","page","type-page","status-publish","hentry"],"acf":[],"_links":{"self":[{"href":"https:\/\/goodgut.eu\/en\/wp-json\/wp\/v2\/pages\/5731","targetHints":{"allow":["GET"]}}],"collection":[{"href":"https:\/\/goodgut.eu\/en\/wp-json\/wp\/v2\/pages"}],"about":[{"href":"https:\/\/goodgut.eu\/en\/wp-json\/wp\/v2\/types\/page"}],"author":[{"embeddable":true,"href":"https:\/\/goodgut.eu\/en\/wp-json\/wp\/v2\/users\/1"}],"replies":[{"embeddable":true,"href":"https:\/\/goodgut.eu\/en\/wp-json\/wp\/v2\/comments?post=5731"}],"version-history":[{"count":0,"href":"https:\/\/goodgut.eu\/en\/wp-json\/wp\/v2\/pages\/5731\/revisions"}],"up":[{"embeddable":true,"href":"https:\/\/goodgut.eu\/en\/wp-json\/wp\/v2\/pages\/5675"}],"wp:attachment":[{"href":"https:\/\/goodgut.eu\/en\/wp-json\/wp\/v2\/media?parent=5731"}],"curies":[{"name":"wp","href":"https:\/\/api.w.org\/{rel}","templated":true}]}}