{"id":5679,"date":"2021-06-03T10:02:43","date_gmt":"2021-06-03T09:02:43","guid":{"rendered":"https:\/\/goodgut.eu\/contact\/"},"modified":"2022-11-25T10:25:04","modified_gmt":"2022-11-25T08:25:04","slug":"contact","status":"publish","type":"page","link":"https:\/\/goodgut.eu\/en\/contact\/","title":{"rendered":"Contact"},"content":{"rendered":"\t\t<div data-elementor-type=\"wp-page\" data-elementor-id=\"5679\" class=\"elementor elementor-5679 elementor-1195\" data-elementor-post-type=\"page\">\n\t\t\t\t\t\t<section class=\"elementor-section elementor-top-section elementor-element elementor-element-f6ea15d elementor-section-stretched elementor-section-boxed elementor-section-height-default elementor-section-height-default\" data-id=\"f6ea15d\" data-element_type=\"section\" data-e-type=\"section\" data-settings=\"{&quot;stretch_section&quot;:&quot;section-stretched&quot;}\">\n\t\t\t\t\t\t<div class=\"elementor-container elementor-column-gap-extended\">\n\t\t\t\t\t<div class=\"elementor-column elementor-col-50 elementor-top-column elementor-element elementor-element-41a8288\" data-id=\"41a8288\" data-element_type=\"column\" data-e-type=\"column\">\n\t\t\t<div class=\"elementor-widget-wrap elementor-element-populated\">\n\t\t\t\t\t\t<div class=\"elementor-element elementor-element-2233e62 elementor-widget elementor-widget-heading\" data-id=\"2233e62\" data-element_type=\"widget\" data-e-type=\"widget\" data-widget_type=\"heading.default\">\n\t\t\t\t<div class=\"elementor-widget-container\">\n\t\t\t\t\t<h1 class=\"elementor-heading-title elementor-size-default\">Offices and Laboratory<\/h1>\t\t\t\t<\/div>\n\t\t\t\t<\/div>\n\t\t\t\t<div class=\"elementor-element elementor-element-9e2e20b elementor-widget elementor-widget-text-editor\" data-id=\"9e2e20b\" data-element_type=\"widget\" data-e-type=\"widget\" data-widget_type=\"text-editor.default\">\n\t\t\t\t<div class=\"elementor-widget-container\">\n\t\t\t\t\t\t\t\t\t<p><strong>Parc Cient\u00edfic i Tecnol\u00f2gic UdG<\/strong><br \/>Edifici Centre d&#8217;Empreses-Giroempr\u00e8n<br \/>C\/ Pic de Peguera, 11<br \/>17003 Girona<\/p>\n<p><strong>Telephone:<\/strong>&nbsp;<a href=\"tel:+34972183220\" data-mce-href=\"tel:+34972183220\">+34 972 18 32 20<\/a><\/p>\n\t\t\t\t\t\t\t\t<\/div>\n\t\t\t\t<\/div>\n\t\t\t\t<div class=\"elementor-element elementor-element-19d5b26 elementor-widget elementor-widget-image\" data-id=\"19d5b26\" data-element_type=\"widget\" data-e-type=\"widget\" data-widget_type=\"image.default\">\n\t\t\t\t<div class=\"elementor-widget-container\">\n\t\t\t\t\t\t\t\t\t\t\t\t\t\t\t<img fetchpriority=\"high\" decoding=\"async\" width=\"1062\" height=\"708\" src=\"https:\/\/goodgut.eu\/wp-content\/uploads\/2021\/04\/contact-goodgut-1.jpg\" class=\"attachment-full size-full wp-image-5300\" alt=\"\" srcset=\"https:\/\/goodgut.eu\/wp-content\/uploads\/2021\/04\/contact-goodgut-1.jpg 1062w, https:\/\/goodgut.eu\/wp-content\/uploads\/2021\/04\/contact-goodgut-1-300x200.jpg 300w, https:\/\/goodgut.eu\/wp-content\/uploads\/2021\/04\/contact-goodgut-1-600x400.jpg 600w, https:\/\/goodgut.eu\/wp-content\/uploads\/2021\/04\/contact-goodgut-1-1024x683.jpg 1024w, https:\/\/goodgut.eu\/wp-content\/uploads\/2021\/04\/contact-goodgut-1-768x512.jpg 768w\" sizes=\"(max-width: 1062px) 100vw, 1062px\" \/>\t\t\t\t\t\t\t\t\t\t\t\t\t\t\t<\/div>\n\t\t\t\t<\/div>\n\t\t\t\t\t<\/div>\n\t\t<\/div>\n\t\t\t\t<div class=\"elementor-column elementor-col-50 elementor-top-column elementor-element elementor-element-b5b7200\" data-id=\"b5b7200\" data-element_type=\"column\" data-e-type=\"column\" data-settings=\"{&quot;background_background&quot;:&quot;classic&quot;}\">\n\t\t\t<div class=\"elementor-widget-wrap elementor-element-populated\">\n\t\t\t\t\t\t<div class=\"elementor-element elementor-element-c8f18c0 elementor-widget elementor-widget-html\" data-id=\"c8f18c0\" data-element_type=\"widget\" data-e-type=\"widget\" data-widget_type=\"html.default\">\n\t\t\t\t<div class=\"elementor-widget-container\">\n\t\t\t\t\t<script charset=\"utf-8\" type=\"text\/javascript\" src=\"\/\/js-eu1.hsforms.net\/forms\/embed\/v2.js\"><\/script>\r\n<script>\r\n  hbspt.forms.create({\r\n    region: \"eu1\",\r\n    portalId: \"25480998\",\r\n    formId: \"a4a705ef-e5c3-466f-955a-0a7b32159b9f\"\r\n  });\r\n<\/script>\t\t\t\t<\/div>\n\t\t\t\t<\/div>\n\t\t\t\t\t<\/div>\n\t\t<\/div>\n\t\t\t\t\t<\/div>\n\t\t<\/section>\n\t\t\t\t<\/div>\n\t\t","protected":false},"excerpt":{"rendered":"<p>Offices and Laboratory Parc Cient\u00edfic i Tecnol\u00f2gic UdGEdifici Centre d&#8217;Empreses-Giroempr\u00e8nC\/ Pic de Peguera, 1117003 Girona Telephone:&nbsp;+34 972 18 32 20<\/p>\n","protected":false},"author":1,"featured_media":0,"parent":0,"menu_order":0,"comment_status":"closed","ping_status":"closed","template":"elementor_header_footer","meta":{"_acf_changed":false,"footnotes":""},"class_list":["post-5679","page","type-page","status-publish","hentry"],"acf":[],"_links":{"self":[{"href":"https:\/\/goodgut.eu\/en\/wp-json\/wp\/v2\/pages\/5679","targetHints":{"allow":["GET"]}}],"collection":[{"href":"https:\/\/goodgut.eu\/en\/wp-json\/wp\/v2\/pages"}],"about":[{"href":"https:\/\/goodgut.eu\/en\/wp-json\/wp\/v2\/types\/page"}],"author":[{"embeddable":true,"href":"https:\/\/goodgut.eu\/en\/wp-json\/wp\/v2\/users\/1"}],"replies":[{"embeddable":true,"href":"https:\/\/goodgut.eu\/en\/wp-json\/wp\/v2\/comments?post=5679"}],"version-history":[{"count":0,"href":"https:\/\/goodgut.eu\/en\/wp-json\/wp\/v2\/pages\/5679\/revisions"}],"wp:attachment":[{"href":"https:\/\/goodgut.eu\/en\/wp-json\/wp\/v2\/media?parent=5679"}],"curies":[{"name":"wp","href":"https:\/\/api.w.org\/{rel}","templated":true}]}}