{"id":6623,"date":"2021-08-18T11:55:41","date_gmt":"2021-08-18T10:55:41","guid":{"rendered":"https:\/\/goodgut.eu\/responsabilitat-social\/"},"modified":"2021-08-18T11:55:42","modified_gmt":"2021-08-18T10:55:42","slug":"responsabilitat-social","status":"publish","type":"page","link":"https:\/\/goodgut.eu\/ca\/responsabilitat-social\/","title":{"rendered":"Responsabilitat Social"},"content":{"rendered":"\t\t<div data-elementor-type=\"wp-page\" data-elementor-id=\"6623\" class=\"elementor elementor-6623 elementor-955\" data-elementor-post-type=\"page\">\n\t\t\t\t\t\t<section class=\"elementor-section elementor-top-section elementor-element elementor-element-7fddd4e elementor-section-boxed elementor-section-height-default elementor-section-height-default\" data-id=\"7fddd4e\" data-element_type=\"section\" data-e-type=\"section\" data-settings=\"{&quot;background_background&quot;:&quot;classic&quot;}\">\n\t\t\t\t\t\t\t<div class=\"elementor-background-overlay\"><\/div>\n\t\t\t\t\t\t\t<div class=\"elementor-container elementor-column-gap-extended\">\n\t\t\t\t\t<div class=\"elementor-column elementor-col-50 elementor-top-column elementor-element elementor-element-64434db\" data-id=\"64434db\" data-element_type=\"column\" data-e-type=\"column\">\n\t\t\t<div class=\"elementor-widget-wrap elementor-element-populated\">\n\t\t\t\t\t\t<div class=\"elementor-element elementor-element-12eadb0 content_60 elementor-widget elementor-widget-text-editor\" data-id=\"12eadb0\" data-element_type=\"widget\" data-e-type=\"widget\" data-widget_type=\"text-editor.default\">\n\t\t\t\t<div class=\"elementor-widget-container\">\n\t\t\t\t\t\t\t\t\t<h1>Responsabilitat Social<\/h1>\n<h2>Creiem que les empreses aporten valor i riquesa a la seva comunitat. Promovem aquests principis a la nostra generaci\u00f3 i presa de decisions:<\/h2>\n\t\t\t\t\t\t\t\t<\/div>\n\t\t\t\t<\/div>\n\t\t\t\t<section class=\"elementor-section elementor-inner-section elementor-element elementor-element-e2d573a content_60 elementor-section-boxed elementor-section-height-default elementor-section-height-default\" data-id=\"e2d573a\" data-element_type=\"section\" data-e-type=\"section\">\n\t\t\t\t\t\t<div class=\"elementor-container elementor-column-gap-default\">\n\t\t\t\t\t<div class=\"elementor-column elementor-col-33 elementor-inner-column elementor-element elementor-element-61d89bd\" data-id=\"61d89bd\" data-element_type=\"column\" data-e-type=\"column\">\n\t\t\t<div class=\"elementor-widget-wrap elementor-element-populated\">\n\t\t\t\t\t\t<div class=\"elementor-element elementor-element-298d9ac elementor-widget elementor-widget-text-editor\" data-id=\"298d9ac\" data-element_type=\"widget\" data-e-type=\"widget\" data-widget_type=\"text-editor.default\">\n\t\t\t\t<div class=\"elementor-widget-container\">\n\t\t\t\t\t\t\t\t\t<p><strong>Protecci\u00f3 del medi ambient<\/strong><br \/>\nCol\u00b7laborem amb la protecci\u00f3 de l&#8217;entorn mitjan\u00e7ant la recollida selectiva de residus i la gesti\u00f3 intel\u00b7ligent de les exist\u00e8ncies per a reduir consums innecessaris i l&#8217;expiraci\u00f3 de productes.<\/p>\n\t\t\t\t\t\t\t\t<\/div>\n\t\t\t\t<\/div>\n\t\t\t\t\t<\/div>\n\t\t<\/div>\n\t\t\t\t<div class=\"elementor-column elementor-col-33 elementor-inner-column elementor-element elementor-element-28efb55\" data-id=\"28efb55\" data-element_type=\"column\" data-e-type=\"column\">\n\t\t\t<div class=\"elementor-widget-wrap elementor-element-populated\">\n\t\t\t\t\t\t<div class=\"elementor-element elementor-element-6c02c5e elementor-widget elementor-widget-text-editor\" data-id=\"6c02c5e\" data-element_type=\"widget\" data-e-type=\"widget\" data-widget_type=\"text-editor.default\">\n\t\t\t\t<div class=\"elementor-widget-container\">\n\t\t\t\t\t\t\t\t\t<p><strong>Hospitals<\/strong><br \/>\nEls nostres productes es conceben en l&#8217;\u00e0mbit de pol\u00edtica sanit\u00e0ria tant p\u00fablica com privada amb l&#8217;objectiu que estiguin a l&#8217;abast de tothom.<\/p>\n\t\t\t\t\t\t\t\t<\/div>\n\t\t\t\t<\/div>\n\t\t\t\t\t<\/div>\n\t\t<\/div>\n\t\t\t\t<div class=\"elementor-column elementor-col-33 elementor-inner-column elementor-element elementor-element-6418a00\" data-id=\"6418a00\" data-element_type=\"column\" data-e-type=\"column\">\n\t\t\t<div class=\"elementor-widget-wrap elementor-element-populated\">\n\t\t\t\t\t\t<div class=\"elementor-element elementor-element-4e2f6c6 elementor-widget elementor-widget-text-editor\" data-id=\"4e2f6c6\" data-element_type=\"widget\" data-e-type=\"widget\" data-widget_type=\"text-editor.default\">\n\t\t\t\t<div class=\"elementor-widget-container\">\n\t\t\t\t\t\t\t\t\t<p><strong>Igualtat<\/strong><br \/>\nPromovem la igualtat de sexes i la conciliaci\u00f3 laboral a la feina oferint un horari flexible.<\/p>\n\t\t\t\t\t\t\t\t<\/div>\n\t\t\t\t<\/div>\n\t\t\t\t\t<\/div>\n\t\t<\/div>\n\t\t\t\t\t<\/div>\n\t\t<\/section>\n\t\t\t\t\t<\/div>\n\t\t<\/div>\n\t\t\t\t<div class=\"elementor-column elementor-col-50 elementor-top-column elementor-element elementor-element-d1be09d elementor-hidden-tablet elementor-hidden-phone\" data-id=\"d1be09d\" data-element_type=\"column\" data-e-type=\"column\">\n\t\t\t<div class=\"elementor-widget-wrap elementor-element-populated\">\n\t\t\t\t\t<div class=\"elementor-background-overlay\"><\/div>\n\t\t\t\t\t\t<div class=\"elementor-element elementor-element-2e7b530 elementor-widget elementor-widget-spacer\" data-id=\"2e7b530\" data-element_type=\"widget\" data-e-type=\"widget\" data-widget_type=\"spacer.default\">\n\t\t\t\t<div class=\"elementor-widget-container\">\n\t\t\t\t\t\t\t<div class=\"elementor-spacer\">\n\t\t\t<div class=\"elementor-spacer-inner\"><\/div>\n\t\t<\/div>\n\t\t\t\t\t\t<\/div>\n\t\t\t\t<\/div>\n\t\t\t\t\t<\/div>\n\t\t<\/div>\n\t\t\t\t\t<\/div>\n\t\t<\/section>\n\t\t\t\t<section class=\"elementor-section elementor-top-section elementor-element elementor-element-0302b10 elementor-hidden-desktop elementor-section-boxed elementor-section-height-default elementor-section-height-default\" data-id=\"0302b10\" data-element_type=\"section\" data-e-type=\"section\">\n\t\t\t\t\t\t<div class=\"elementor-container elementor-column-gap-default\">\n\t\t\t\t\t<div class=\"elementor-column elementor-col-100 elementor-top-column elementor-element elementor-element-ce36043\" data-id=\"ce36043\" data-element_type=\"column\" data-e-type=\"column\">\n\t\t\t<div class=\"elementor-widget-wrap elementor-element-populated\">\n\t\t\t\t\t\t<div class=\"elementor-element elementor-element-0b48a18 elementor-widget elementor-widget-image\" data-id=\"0b48a18\" data-element_type=\"widget\" data-e-type=\"widget\" data-widget_type=\"image.default\">\n\t\t\t\t<div class=\"elementor-widget-container\">\n\t\t\t\t\t\t\t\t\t\t\t\t\t\t\t<img fetchpriority=\"high\" decoding=\"async\" width=\"640\" height=\"427\" src=\"https:\/\/goodgut.eu\/wp-content\/uploads\/2021\/01\/tossa-de-mar-girona-catalunya-Goodgut-1024x683.jpg\" class=\"attachment-large size-large wp-image-2789\" alt=\"\" srcset=\"https:\/\/goodgut.eu\/wp-content\/uploads\/2021\/01\/tossa-de-mar-girona-catalunya-Goodgut-1024x683.jpg 1024w, https:\/\/goodgut.eu\/wp-content\/uploads\/2021\/01\/tossa-de-mar-girona-catalunya-Goodgut-300x200.jpg 300w, https:\/\/goodgut.eu\/wp-content\/uploads\/2021\/01\/tossa-de-mar-girona-catalunya-Goodgut-600x400.jpg 600w, https:\/\/goodgut.eu\/wp-content\/uploads\/2021\/01\/tossa-de-mar-girona-catalunya-Goodgut-768x512.jpg 768w, https:\/\/goodgut.eu\/wp-content\/uploads\/2021\/01\/tossa-de-mar-girona-catalunya-Goodgut.jpg 1282w\" sizes=\"(max-width: 640px) 100vw, 640px\" \/>\t\t\t\t\t\t\t\t\t\t\t\t\t\t\t<\/div>\n\t\t\t\t<\/div>\n\t\t\t\t\t<\/div>\n\t\t<\/div>\n\t\t\t\t\t<\/div>\n\t\t<\/section>\n\t\t\t\t<section class=\"elementor-section elementor-top-section elementor-element elementor-element-beeeacd elementor-section-boxed elementor-section-height-default elementor-section-height-default\" data-id=\"beeeacd\" data-element_type=\"section\" data-e-type=\"section\" data-settings=\"{&quot;background_background&quot;:&quot;classic&quot;}\">\n\t\t\t\t\t\t\t<div class=\"elementor-background-overlay\"><\/div>\n\t\t\t\t\t\t\t<div class=\"elementor-container elementor-column-gap-extended\">\n\t\t\t\t\t<div class=\"elementor-column elementor-col-50 elementor-top-column elementor-element elementor-element-65bbc9f elementor-hidden-tablet elementor-hidden-phone\" data-id=\"65bbc9f\" data-element_type=\"column\" data-e-type=\"column\" data-settings=\"{&quot;background_background&quot;:&quot;classic&quot;}\">\n\t\t\t<div class=\"elementor-widget-wrap\">\n\t\t\t\t\t\t\t<\/div>\n\t\t<\/div>\n\t\t\t\t<div class=\"elementor-column elementor-col-50 elementor-top-column elementor-element elementor-element-6034b8d\" data-id=\"6034b8d\" data-element_type=\"column\" data-e-type=\"column\">\n\t\t\t<div class=\"elementor-widget-wrap elementor-element-populated\">\n\t\t\t\t\t\t<section class=\"elementor-section elementor-inner-section elementor-element elementor-element-fa7bcf9 elementor-section-content-top elementor-section-boxed elementor-section-height-default elementor-section-height-default\" data-id=\"fa7bcf9\" data-element_type=\"section\" data-e-type=\"section\">\n\t\t\t\t\t\t<div class=\"elementor-container elementor-column-gap-extended\">\n\t\t\t\t\t<div class=\"elementor-column elementor-col-50 elementor-inner-column elementor-element elementor-element-2312ff2\" data-id=\"2312ff2\" data-element_type=\"column\" data-e-type=\"column\">\n\t\t\t<div class=\"elementor-widget-wrap elementor-element-populated\">\n\t\t\t\t\t\t<div class=\"elementor-element elementor-element-6af50da elementor-widget elementor-widget-text-editor\" data-id=\"6af50da\" data-element_type=\"widget\" data-e-type=\"widget\" data-widget_type=\"text-editor.default\">\n\t\t\t\t<div class=\"elementor-widget-container\">\n\t\t\t\t\t\t\t\t\t<h2>Vols ajudar-nos a ser un referent internacional en la salut digestiva?<\/h2>\n\t\t\t\t\t\t\t\t<\/div>\n\t\t\t\t<\/div>\n\t\t\t\t\t<\/div>\n\t\t<\/div>\n\t\t\t\t<div class=\"elementor-column elementor-col-50 elementor-inner-column elementor-element elementor-element-49b0f31\" data-id=\"49b0f31\" data-element_type=\"column\" data-e-type=\"column\">\n\t\t\t<div class=\"elementor-widget-wrap elementor-element-populated\">\n\t\t\t\t\t\t<div class=\"elementor-element elementor-element-3a05290 elementor-hidden-tablet elementor-hidden-phone elementor-widget elementor-widget-spacer\" data-id=\"3a05290\" data-element_type=\"widget\" data-e-type=\"widget\" data-widget_type=\"spacer.default\">\n\t\t\t\t<div class=\"elementor-widget-container\">\n\t\t\t\t\t\t\t<div class=\"elementor-spacer\">\n\t\t\t<div class=\"elementor-spacer-inner\"><\/div>\n\t\t<\/div>\n\t\t\t\t\t\t<\/div>\n\t\t\t\t<\/div>\n\t\t\t\t<div class=\"elementor-element elementor-element-6716bb9 elementor-widget__width-initial elementor-widget elementor-widget-text-editor\" data-id=\"6716bb9\" data-element_type=\"widget\" data-e-type=\"widget\" data-widget_type=\"text-editor.default\">\n\t\t\t\t<div class=\"elementor-widget-container\">\n\t\t\t\t\t\t\t\t\t<p>Busquem professionals per a fer cr\u00e9ixer el nostre equip que comparteixin aquests valors:\u00a0<strong>entusiasme, innovaci\u00f3 i flexibilitat, excel\u00b7l\u00e8ncia i fiabilitat, treball en equip i m\u00e0xim comprom\u00eds<\/strong>.<\/p>\n<p>Treballar\u00e0s en un entorn cient\u00edfic-empresarial en una ciutat de gran atractiu com \u00e9s Girona i en un cl\u00faster de ci\u00e8ncies de la vida reconegut internacionalment (BioRegi\u00f3 de Catalunya).<\/p>\n\t\t\t\t\t\t\t\t<\/div>\n\t\t\t\t<\/div>\n\t\t\t\t<div class=\"elementor-element elementor-element-2d95645 elementor-widget elementor-widget-button\" data-id=\"2d95645\" data-element_type=\"widget\" data-e-type=\"widget\" data-widget_type=\"button.default\">\n\t\t\t\t<div class=\"elementor-widget-container\">\n\t\t\t\t\t\t\t\t\t<div class=\"elementor-button-wrapper\">\n\t\t\t\t\t<a class=\"elementor-button elementor-button-link elementor-size-sm\" href=\"https:\/\/goodgut.eu\/ca\/contacte\/\">\n\t\t\t\t\t\t<span class=\"elementor-button-content-wrapper\">\n\t\t\t\t\t\t\t\t\t<span class=\"elementor-button-text\">Envia el teu CV<\/span>\n\t\t\t\t\t<\/span>\n\t\t\t\t\t<\/a>\n\t\t\t\t<\/div>\n\t\t\t\t\t\t\t\t<\/div>\n\t\t\t\t<\/div>\n\t\t\t\t\t<\/div>\n\t\t<\/div>\n\t\t\t\t\t<\/div>\n\t\t<\/section>\n\t\t\t\t\t<\/div>\n\t\t<\/div>\n\t\t\t\t\t<\/div>\n\t\t<\/section>\n\t\t\t\t<section class=\"elementor-section elementor-top-section elementor-element elementor-element-e5074c6 elementor-section-boxed elementor-section-height-default elementor-section-height-default\" data-id=\"e5074c6\" data-element_type=\"section\" data-e-type=\"section\">\n\t\t\t\t\t\t<div class=\"elementor-container elementor-column-gap-extended\">\n\t\t\t\t\t<div class=\"elementor-column elementor-col-100 elementor-top-column elementor-element elementor-element-b9bed35\" data-id=\"b9bed35\" data-element_type=\"column\" data-e-type=\"column\">\n\t\t\t<div class=\"elementor-widget-wrap elementor-element-populated\">\n\t\t\t\t\t\t<div class=\"elementor-element elementor-element-d7f773a elementor-widget elementor-widget-gallery\" data-id=\"d7f773a\" data-element_type=\"widget\" data-e-type=\"widget\" data-settings=\"{&quot;columns&quot;:&quot;3&quot;,&quot;lazyload&quot;:&quot;yes&quot;,&quot;gallery_layout&quot;:&quot;grid&quot;,&quot;columns_tablet&quot;:2,&quot;columns_mobile&quot;:1,&quot;gap&quot;:{&quot;unit&quot;:&quot;px&quot;,&quot;size&quot;:10,&quot;sizes&quot;:[]},&quot;gap_tablet&quot;:{&quot;unit&quot;:&quot;px&quot;,&quot;size&quot;:10,&quot;sizes&quot;:[]},&quot;gap_mobile&quot;:{&quot;unit&quot;:&quot;px&quot;,&quot;size&quot;:10,&quot;sizes&quot;:[]},&quot;link_to&quot;:&quot;file&quot;,&quot;aspect_ratio&quot;:&quot;3:2&quot;,&quot;overlay_background&quot;:&quot;yes&quot;,&quot;content_hover_animation&quot;:&quot;fade-in&quot;}\" data-widget_type=\"gallery.default\">\n\t\t\t\t<div class=\"elementor-widget-container\">\n\t\t\t\t\t\t\t<div class=\"elementor-gallery__container\">\n\t\t\t\t\t\t\t<a class=\"e-gallery-item elementor-gallery-item elementor-animated-content\" href=\"https:\/\/goodgut.eu\/wp-content\/uploads\/2021\/01\/rsc-gallery-5-Goodgut-e1618813932925.jpg\" data-elementor-open-lightbox=\"yes\" data-elementor-lightbox-slideshow=\"d7f773a\" data-elementor-lightbox-title=\"rsc-gallery-5-Goodgut\" data-e-action-hash=\"#elementor-action%3Aaction%3Dlightbox%26settings%3DeyJpZCI6OTcwLCJ1cmwiOiJodHRwczpcL1wvZ29vZGd1dC5ldVwvd3AtY29udGVudFwvdXBsb2Fkc1wvMjAyMVwvMDFcL3JzYy1nYWxsZXJ5LTUtR29vZGd1dC1lMTYxODgxMzkzMjkyNS5qcGciLCJzbGlkZXNob3ciOiJkN2Y3NzNhIn0%3D\">\n\t\t\t\t\t<div class=\"e-gallery-image elementor-gallery-item__image\" data-thumbnail=\"https:\/\/goodgut.eu\/wp-content\/uploads\/2021\/01\/rsc-gallery-5-Goodgut-e1618813932925.jpg\" data-width=\"600\" data-height=\"433\" aria-label=\"\" role=\"img\" ><\/div>\n\t\t\t\t\t\t\t\t\t\t\t<div class=\"elementor-gallery-item__overlay\"><\/div>\n\t\t\t\t\t\t\t\t\t\t\t\t\t\t<\/a>\n\t\t\t\t\t\t\t<a class=\"e-gallery-item elementor-gallery-item elementor-animated-content\" href=\"https:\/\/goodgut.eu\/wp-content\/uploads\/2021\/04\/rsc-gallery-4-Goodgut.jpg\" data-elementor-open-lightbox=\"yes\" data-elementor-lightbox-slideshow=\"d7f773a\" data-elementor-lightbox-title=\"rsc-gallery-4-Goodgut\" data-e-action-hash=\"#elementor-action%3Aaction%3Dlightbox%26settings%3DeyJpZCI6NTIzMywidXJsIjoiaHR0cHM6XC9cL2dvb2RndXQuZXVcL3dwLWNvbnRlbnRcL3VwbG9hZHNcLzIwMjFcLzA0XC9yc2MtZ2FsbGVyeS00LUdvb2RndXQuanBnIiwic2xpZGVzaG93IjoiZDdmNzczYSJ9\">\n\t\t\t\t\t<div class=\"e-gallery-image elementor-gallery-item__image\" data-thumbnail=\"https:\/\/goodgut.eu\/wp-content\/uploads\/2021\/04\/rsc-gallery-4-Goodgut.jpg\" data-width=\"900\" data-height=\"650\" aria-label=\"\" role=\"img\" ><\/div>\n\t\t\t\t\t\t\t\t\t\t\t<div class=\"elementor-gallery-item__overlay\"><\/div>\n\t\t\t\t\t\t\t\t\t\t\t\t\t\t<\/a>\n\t\t\t\t\t\t\t<a class=\"e-gallery-item elementor-gallery-item elementor-animated-content\" href=\"https:\/\/goodgut.eu\/wp-content\/uploads\/2021\/04\/rsc-gallery-3-Goodgut.jpg\" data-elementor-open-lightbox=\"yes\" data-elementor-lightbox-slideshow=\"d7f773a\" data-elementor-lightbox-title=\"rsc-gallery-3-Goodgut\" data-e-action-hash=\"#elementor-action%3Aaction%3Dlightbox%26settings%3DeyJpZCI6NTI0MCwidXJsIjoiaHR0cHM6XC9cL2dvb2RndXQuZXVcL3dwLWNvbnRlbnRcL3VwbG9hZHNcLzIwMjFcLzA0XC9yc2MtZ2FsbGVyeS0zLUdvb2RndXQuanBnIiwic2xpZGVzaG93IjoiZDdmNzczYSJ9\">\n\t\t\t\t\t<div class=\"e-gallery-image elementor-gallery-item__image\" data-thumbnail=\"https:\/\/goodgut.eu\/wp-content\/uploads\/2021\/04\/rsc-gallery-3-Goodgut.jpg\" data-width=\"900\" data-height=\"650\" aria-label=\"\" role=\"img\" ><\/div>\n\t\t\t\t\t\t\t\t\t\t\t<div class=\"elementor-gallery-item__overlay\"><\/div>\n\t\t\t\t\t\t\t\t\t\t\t\t\t\t<\/a>\n\t\t\t\t\t\t\t<a class=\"e-gallery-item elementor-gallery-item elementor-animated-content\" href=\"https:\/\/goodgut.eu\/wp-content\/uploads\/2021\/04\/rsc-gallery-2-Goodgut.jpg\" data-elementor-open-lightbox=\"yes\" data-elementor-lightbox-slideshow=\"d7f773a\" data-elementor-lightbox-title=\"rsc-gallery-2-Goodgut\" data-e-action-hash=\"#elementor-action%3Aaction%3Dlightbox%26settings%3DeyJpZCI6NTIyMywidXJsIjoiaHR0cHM6XC9cL2dvb2RndXQuZXVcL3dwLWNvbnRlbnRcL3VwbG9hZHNcLzIwMjFcLzA0XC9yc2MtZ2FsbGVyeS0yLUdvb2RndXQuanBnIiwic2xpZGVzaG93IjoiZDdmNzczYSJ9\">\n\t\t\t\t\t<div class=\"e-gallery-image elementor-gallery-item__image\" data-thumbnail=\"https:\/\/goodgut.eu\/wp-content\/uploads\/2021\/04\/rsc-gallery-2-Goodgut.jpg\" data-width=\"975\" data-height=\"650\" aria-label=\"\" role=\"img\" ><\/div>\n\t\t\t\t\t\t\t\t\t\t\t<div class=\"elementor-gallery-item__overlay\"><\/div>\n\t\t\t\t\t\t\t\t\t\t\t\t\t\t<\/a>\n\t\t\t\t\t\t\t<a class=\"e-gallery-item elementor-gallery-item elementor-animated-content\" href=\"https:\/\/goodgut.eu\/wp-content\/uploads\/2021\/04\/rsc-gallery-1-Goodgut.jpg\" data-elementor-open-lightbox=\"yes\" data-elementor-lightbox-slideshow=\"d7f773a\" data-elementor-lightbox-title=\"rsc-gallery-1-Goodgut\" data-e-action-hash=\"#elementor-action%3Aaction%3Dlightbox%26settings%3DeyJpZCI6NTIzMCwidXJsIjoiaHR0cHM6XC9cL2dvb2RndXQuZXVcL3dwLWNvbnRlbnRcL3VwbG9hZHNcLzIwMjFcLzA0XC9yc2MtZ2FsbGVyeS0xLUdvb2RndXQuanBnIiwic2xpZGVzaG93IjoiZDdmNzczYSJ9\">\n\t\t\t\t\t<div class=\"e-gallery-image elementor-gallery-item__image\" data-thumbnail=\"https:\/\/goodgut.eu\/wp-content\/uploads\/2021\/04\/rsc-gallery-1-Goodgut.jpg\" data-width=\"975\" data-height=\"650\" aria-label=\"\" role=\"img\" ><\/div>\n\t\t\t\t\t\t\t\t\t\t\t<div class=\"elementor-gallery-item__overlay\"><\/div>\n\t\t\t\t\t\t\t\t\t\t\t\t\t\t<\/a>\n\t\t\t\t\t\t\t<a class=\"e-gallery-item elementor-gallery-item elementor-animated-content\" href=\"https:\/\/goodgut.eu\/wp-content\/uploads\/2021\/01\/values-goodgut-3.jpg\" data-elementor-open-lightbox=\"yes\" data-elementor-lightbox-slideshow=\"d7f773a\" data-elementor-lightbox-title=\"values-goodgut-3\" data-e-action-hash=\"#elementor-action%3Aaction%3Dlightbox%26settings%3DeyJpZCI6NjQyLCJ1cmwiOiJodHRwczpcL1wvZ29vZGd1dC5ldVwvd3AtY29udGVudFwvdXBsb2Fkc1wvMjAyMVwvMDFcL3ZhbHVlcy1nb29kZ3V0LTMuanBnIiwic2xpZGVzaG93IjoiZDdmNzczYSJ9\">\n\t\t\t\t\t<div class=\"e-gallery-image elementor-gallery-item__image\" data-thumbnail=\"https:\/\/goodgut.eu\/wp-content\/uploads\/2021\/01\/values-goodgut-3.jpg\" data-width=\"950\" data-height=\"540\" aria-label=\"\" role=\"img\" ><\/div>\n\t\t\t\t\t\t\t\t\t\t\t<div class=\"elementor-gallery-item__overlay\"><\/div>\n\t\t\t\t\t\t\t\t\t\t\t\t\t\t<\/a>\n\t\t\t\t\t<\/div>\n\t\t\t\t\t<\/div>\n\t\t\t\t<\/div>\n\t\t\t\t\t<\/div>\n\t\t<\/div>\n\t\t\t\t\t<\/div>\n\t\t<\/section>\n\t\t\t\t<\/div>\n\t\t","protected":false},"excerpt":{"rendered":"<p>Responsabilitat Social Creiem que les empreses aporten valor i riquesa a la seva comunitat. Promovem aquests principis a la nostra generaci\u00f3 i presa de decisions: Protecci\u00f3 del medi ambient Col\u00b7laborem amb la protecci\u00f3 de l&#8217;entorn mitjan\u00e7ant la recollida selectiva de residus i la gesti\u00f3 intel\u00b7ligent de les exist\u00e8ncies per a reduir consums innecessaris i l&#8217;expiraci\u00f3 [&hellip;]<\/p>\n","protected":false},"author":1,"featured_media":0,"parent":0,"menu_order":0,"comment_status":"closed","ping_status":"closed","template":"elementor_header_footer","meta":{"_acf_changed":false,"footnotes":""},"class_list":["post-6623","page","type-page","status-publish","hentry"],"acf":[],"_links":{"self":[{"href":"https:\/\/goodgut.eu\/ca\/wp-json\/wp\/v2\/pages\/6623","targetHints":{"allow":["GET"]}}],"collection":[{"href":"https:\/\/goodgut.eu\/ca\/wp-json\/wp\/v2\/pages"}],"about":[{"href":"https:\/\/goodgut.eu\/ca\/wp-json\/wp\/v2\/types\/page"}],"author":[{"embeddable":true,"href":"https:\/\/goodgut.eu\/ca\/wp-json\/wp\/v2\/users\/1"}],"replies":[{"embeddable":true,"href":"https:\/\/goodgut.eu\/ca\/wp-json\/wp\/v2\/comments?post=6623"}],"version-history":[{"count":0,"href":"https:\/\/goodgut.eu\/ca\/wp-json\/wp\/v2\/pages\/6623\/revisions"}],"wp:attachment":[{"href":"https:\/\/goodgut.eu\/ca\/wp-json\/wp\/v2\/media?parent=6623"}],"curies":[{"name":"wp","href":"https:\/\/api.w.org\/{rel}","templated":true}]}}