{"id":6611,"date":"2021-08-18T08:36:39","date_gmt":"2021-08-18T07:36:39","guid":{"rendered":"https:\/\/goodgut.eu\/pipeline\/raid-prediction-pipeline\/"},"modified":"2021-08-18T08:36:40","modified_gmt":"2021-08-18T07:36:40","slug":"raid-prediction-pipeline","status":"publish","type":"page","link":"https:\/\/goodgut.eu\/ca\/pipeline\/raid-prediction-pipeline\/","title":{"rendered":"RAID-Prediction pipeline"},"content":{"rendered":"\t\t<div data-elementor-type=\"wp-page\" data-elementor-id=\"6611\" class=\"elementor elementor-6611 elementor-2230\" data-elementor-post-type=\"page\">\n\t\t\t\t\t\t<section class=\"elementor-section elementor-top-section elementor-element elementor-element-7fddd4e pipeline elementor-section-boxed elementor-section-height-default elementor-section-height-default\" data-id=\"7fddd4e\" data-element_type=\"section\" data-e-type=\"section\" data-settings=\"{&quot;background_background&quot;:&quot;classic&quot;}\">\n\t\t\t\t\t\t\t<div class=\"elementor-background-overlay\"><\/div>\n\t\t\t\t\t\t\t<div class=\"elementor-container elementor-column-gap-extended\">\n\t\t\t\t\t<div class=\"elementor-column elementor-col-100 elementor-top-column elementor-element elementor-element-6041a81\" data-id=\"6041a81\" data-element_type=\"column\" data-e-type=\"column\">\n\t\t\t<div class=\"elementor-widget-wrap elementor-element-populated\">\n\t\t\t\t\t\t<div class=\"elementor-element elementor-element-4a6d2fd elementor-widget elementor-widget-text-editor\" data-id=\"4a6d2fd\" data-element_type=\"widget\" data-e-type=\"widget\" data-widget_type=\"text-editor.default\">\n\t\t\t\t<div class=\"elementor-widget-container\">\n\t\t\t\t\t\t\t\t\t<h1>RAID-Prediction<\/h1>\n<h3><i>In Vitro<\/i> Diagnostics. Inflammatory Bowel Disease<\/h3>\n\t\t\t\t\t\t\t\t<\/div>\n\t\t\t\t<\/div>\n\t\t\t\t\t<\/div>\n\t\t<\/div>\n\t\t\t\t\t<\/div>\n\t\t<\/section>\n\t\t\t\t<section class=\"elementor-section elementor-top-section elementor-element elementor-element-479cb7e elementor-section-boxed elementor-section-height-default elementor-section-height-default\" data-id=\"479cb7e\" data-element_type=\"section\" data-e-type=\"section\" data-settings=\"{&quot;background_background&quot;:&quot;classic&quot;}\">\n\t\t\t\t\t\t<div class=\"elementor-container elementor-column-gap-default\">\n\t\t\t\t\t<div class=\"elementor-column elementor-col-100 elementor-top-column elementor-element elementor-element-29c46c3\" data-id=\"29c46c3\" data-element_type=\"column\" data-e-type=\"column\">\n\t\t\t<div class=\"elementor-widget-wrap elementor-element-populated\">\n\t\t\t\t\t\t<section class=\"elementor-section elementor-inner-section elementor-element elementor-element-600f1a1 quadre-pipeline elementor-section-boxed elementor-section-height-default elementor-section-height-default\" data-id=\"600f1a1\" data-element_type=\"section\" data-e-type=\"section\">\n\t\t\t\t\t\t<div class=\"elementor-container elementor-column-gap-default\">\n\t\t\t\t\t<div class=\"elementor-column elementor-col-12 elementor-inner-column elementor-element elementor-element-e7366b5\" data-id=\"e7366b5\" data-element_type=\"column\" data-e-type=\"column\">\n\t\t\t<div class=\"elementor-widget-wrap elementor-element-populated\">\n\t\t\t\t\t\t<div class=\"elementor-element elementor-element-e07d4f9 elementor-widget elementor-widget-text-editor\" data-id=\"e07d4f9\" data-element_type=\"widget\" data-e-type=\"widget\" data-widget_type=\"text-editor.default\">\n\t\t\t\t<div class=\"elementor-widget-container\">\n\t\t\t\t\t\t\t\t\t<p>Ideation<\/p>\n\t\t\t\t\t\t\t\t<\/div>\n\t\t\t\t<\/div>\n\t\t\t\t\t<\/div>\n\t\t<\/div>\n\t\t\t\t<div class=\"elementor-column elementor-col-12 elementor-inner-column elementor-element elementor-element-70d389e\" data-id=\"70d389e\" data-element_type=\"column\" data-e-type=\"column\">\n\t\t\t<div class=\"elementor-widget-wrap elementor-element-populated\">\n\t\t\t\t\t\t<div class=\"elementor-element elementor-element-3807f58 elementor-widget elementor-widget-text-editor\" data-id=\"3807f58\" data-element_type=\"widget\" data-e-type=\"widget\" data-widget_type=\"text-editor.default\">\n\t\t\t\t<div class=\"elementor-widget-container\">\n\t\t\t\t\t\t\t\t\t<p>Product Definition<\/p>\n\t\t\t\t\t\t\t\t<\/div>\n\t\t\t\t<\/div>\n\t\t\t\t\t<\/div>\n\t\t<\/div>\n\t\t\t\t<div class=\"elementor-column elementor-col-12 elementor-inner-column elementor-element elementor-element-60fdcfe\" data-id=\"60fdcfe\" data-element_type=\"column\" data-e-type=\"column\">\n\t\t\t<div class=\"elementor-widget-wrap elementor-element-populated\">\n\t\t\t\t\t\t<div class=\"elementor-element elementor-element-581cd1e elementor-widget elementor-widget-text-editor\" data-id=\"581cd1e\" data-element_type=\"widget\" data-e-type=\"widget\" data-widget_type=\"text-editor.default\">\n\t\t\t\t<div class=\"elementor-widget-container\">\n\t\t\t\t\t\t\t\t\t<p>Product Optimitzation<\/p>\n\t\t\t\t\t\t\t\t<\/div>\n\t\t\t\t<\/div>\n\t\t\t\t\t<\/div>\n\t\t<\/div>\n\t\t\t\t<div class=\"elementor-column elementor-col-12 elementor-inner-column elementor-element elementor-element-5e10bff\" data-id=\"5e10bff\" data-element_type=\"column\" data-e-type=\"column\">\n\t\t\t<div class=\"elementor-widget-wrap elementor-element-populated\">\n\t\t\t\t\t\t<div class=\"elementor-element elementor-element-ea9d4dd elementor-widget elementor-widget-text-editor\" data-id=\"ea9d4dd\" data-element_type=\"widget\" data-e-type=\"widget\" data-widget_type=\"text-editor.default\">\n\t\t\t\t<div class=\"elementor-widget-container\">\n\t\t\t\t\t\t\t\t\t<p>Product Validation<\/p>\n\t\t\t\t\t\t\t\t<\/div>\n\t\t\t\t<\/div>\n\t\t\t\t\t<\/div>\n\t\t<\/div>\n\t\t\t\t<div class=\"elementor-column elementor-col-12 elementor-inner-column elementor-element elementor-element-c1c8237\" data-id=\"c1c8237\" data-element_type=\"column\" data-e-type=\"column\">\n\t\t\t<div class=\"elementor-widget-wrap elementor-element-populated\">\n\t\t\t\t\t\t<div class=\"elementor-element elementor-element-774251b elementor-widget elementor-widget-text-editor\" data-id=\"774251b\" data-element_type=\"widget\" data-e-type=\"widget\" data-widget_type=\"text-editor.default\">\n\t\t\t\t<div class=\"elementor-widget-container\">\n\t\t\t\t\t\t\t\t\t<p>Regulatory<\/p>\n\t\t\t\t\t\t\t\t<\/div>\n\t\t\t\t<\/div>\n\t\t\t\t\t<\/div>\n\t\t<\/div>\n\t\t\t\t<div class=\"elementor-column elementor-col-12 elementor-inner-column elementor-element elementor-element-242738f\" data-id=\"242738f\" data-element_type=\"column\" data-e-type=\"column\">\n\t\t\t<div class=\"elementor-widget-wrap elementor-element-populated\">\n\t\t\t\t\t\t<div class=\"elementor-element elementor-element-f9c596c elementor-widget elementor-widget-text-editor\" data-id=\"f9c596c\" data-element_type=\"widget\" data-e-type=\"widget\" data-widget_type=\"text-editor.default\">\n\t\t\t\t<div class=\"elementor-widget-container\">\n\t\t\t\t\t\t\t\t\t<p>Testing Service<\/p>\n\t\t\t\t\t\t\t\t<\/div>\n\t\t\t\t<\/div>\n\t\t\t\t\t<\/div>\n\t\t<\/div>\n\t\t\t\t<div class=\"elementor-column elementor-col-12 elementor-inner-column elementor-element elementor-element-317788a\" data-id=\"317788a\" data-element_type=\"column\" data-e-type=\"column\">\n\t\t\t<div class=\"elementor-widget-wrap elementor-element-populated\">\n\t\t\t\t\t\t<div class=\"elementor-element elementor-element-d31a63c elementor-widget elementor-widget-text-editor\" data-id=\"d31a63c\" data-element_type=\"widget\" data-e-type=\"widget\" data-widget_type=\"text-editor.default\">\n\t\t\t\t<div class=\"elementor-widget-container\">\n\t\t\t\t\t\t\t\t\t<p>Product Launch<\/p>\n\t\t\t\t\t\t\t\t<\/div>\n\t\t\t\t<\/div>\n\t\t\t\t\t<\/div>\n\t\t<\/div>\n\t\t\t\t<div class=\"elementor-column elementor-col-12 elementor-inner-column elementor-element elementor-element-ea1fa61\" data-id=\"ea1fa61\" data-element_type=\"column\" data-e-type=\"column\">\n\t\t\t<div class=\"elementor-widget-wrap elementor-element-populated\">\n\t\t\t\t\t\t<div class=\"elementor-element elementor-element-10a1a3d elementor-widget elementor-widget-text-editor\" data-id=\"10a1a3d\" data-element_type=\"widget\" data-e-type=\"widget\" data-widget_type=\"text-editor.default\">\n\t\t\t\t<div class=\"elementor-widget-container\">\n\t\t\t\t\t\t\t\t\t<p>Product Maintenance<\/p>\n\t\t\t\t\t\t\t\t<\/div>\n\t\t\t\t<\/div>\n\t\t\t\t\t<\/div>\n\t\t<\/div>\n\t\t\t\t\t<\/div>\n\t\t<\/section>\n\t\t\t\t<div class=\"elementor-element elementor-element-f090084 barra-pipeline prediction elementor-widget elementor-widget-global elementor-global-3168 elementor-widget-progress\" data-id=\"f090084\" data-element_type=\"widget\" data-e-type=\"widget\" data-widget_type=\"progress.default\">\n\t\t\t\t<div class=\"elementor-widget-container\">\n\t\t\t\t\t\n\t\t<div class=\"elementor-progress-wrapper\" role=\"progressbar\" aria-valuemin=\"0\" aria-valuemax=\"100\" aria-valuenow=\"18\">\n\t\t\t<div class=\"elementor-progress-bar\" data-max=\"18\">\n\t\t\t\t<span class=\"elementor-progress-text\"><\/span>\n\t\t\t\t\t\t\t<\/div>\n\t\t<\/div>\n\t\t\t\t\t\t<\/div>\n\t\t\t\t<\/div>\n\t\t\t\t\t<\/div>\n\t\t<\/div>\n\t\t\t\t\t<\/div>\n\t\t<\/section>\n\t\t\t\t<section class=\"elementor-section elementor-top-section elementor-element elementor-element-d1755ed pipeline elementor-section-boxed elementor-section-height-default elementor-section-height-default\" data-id=\"d1755ed\" data-element_type=\"section\" data-e-type=\"section\" data-settings=\"{&quot;background_background&quot;:&quot;classic&quot;}\">\n\t\t\t\t\t\t<div class=\"elementor-container elementor-column-gap-default\">\n\t\t\t\t\t<div class=\"elementor-column elementor-col-50 elementor-top-column elementor-element elementor-element-e86523f\" data-id=\"e86523f\" data-element_type=\"column\" data-e-type=\"column\">\n\t\t\t<div class=\"elementor-widget-wrap elementor-element-populated\">\n\t\t\t\t\t\t<div class=\"elementor-element elementor-element-b12e2e7 elementor-widget elementor-widget-text-editor\" data-id=\"b12e2e7\" data-element_type=\"widget\" data-e-type=\"widget\" data-widget_type=\"text-editor.default\">\n\t\t\t\t<div class=\"elementor-widget-container\">\n\t\t\t\t\t\t\t\t\t<h3>Definici\u00f3 amb bi\u00f2psies intestinals<\/h3>\n\t\t\t\t\t\t\t\t<\/div>\n\t\t\t\t<\/div>\n\t\t\t\t<div class=\"elementor-element elementor-element-1689a7e elementor-widget elementor-widget-image\" data-id=\"1689a7e\" data-element_type=\"widget\" data-e-type=\"widget\" data-widget_type=\"image.default\">\n\t\t\t\t<div class=\"elementor-widget-container\">\n\t\t\t\t\t\t\t\t\t\t\t\t\t\t\t<img decoding=\"async\" width=\"1\" height=\"1\" src=\"https:\/\/goodgut.eu\/wp-content\/uploads\/2021\/03\/pipeline_definicion_2.svg\" class=\"attachment-large size-large wp-image-2921\" alt=\"\" \/>\t\t\t\t\t\t\t\t\t\t\t\t\t\t\t<\/div>\n\t\t\t\t<\/div>\n\t\t\t\t<div class=\"elementor-element elementor-element-06357fc multiply elementor-widget elementor-widget-image\" data-id=\"06357fc\" data-element_type=\"widget\" data-e-type=\"widget\" data-widget_type=\"image.default\">\n\t\t\t\t<div class=\"elementor-widget-container\">\n\t\t\t\t\t\t\t\t\t\t\t\t\t\t\t<img decoding=\"async\" width=\"400\" height=\"60\" src=\"https:\/\/goodgut.eu\/wp-content\/uploads\/2021\/03\/th_logos_monitor_def.jpg\" class=\"attachment-large size-large wp-image-2937\" alt=\"\" srcset=\"https:\/\/goodgut.eu\/wp-content\/uploads\/2021\/03\/th_logos_monitor_def.jpg 400w, https:\/\/goodgut.eu\/wp-content\/uploads\/2021\/03\/th_logos_monitor_def-300x45.jpg 300w\" sizes=\"(max-width: 400px) 100vw, 400px\" \/>\t\t\t\t\t\t\t\t\t\t\t\t\t\t\t<\/div>\n\t\t\t\t<\/div>\n\t\t\t\t<div class=\"elementor-element elementor-element-bb5d670 elementor-position-left elementor-vertical-align-top elementor-widget elementor-widget-image-box\" data-id=\"bb5d670\" data-element_type=\"widget\" data-e-type=\"widget\" data-widget_type=\"image-box.default\">\n\t\t\t\t<div class=\"elementor-widget-container\">\n\t\t\t\t\t<div class=\"elementor-image-box-wrapper\"><figure class=\"elementor-image-box-img\"><img decoding=\"async\" src=\"https:\/\/goodgut.eu\/wp-content\/uploads\/2021\/03\/ico-subject.svg\" class=\"attachment-full size-full wp-image-2074\" alt=\"\" \/><\/figure><div class=\"elementor-image-box-content\"><p class=\"elementor-image-box-description\"><br>14 pacients amb MC<br><\/p><\/div><\/div>\t\t\t\t<\/div>\n\t\t\t\t<\/div>\n\t\t\t\t<div class=\"elementor-element elementor-element-a4cfe2d elementor-position-left elementor-vertical-align-top elementor-widget elementor-widget-image-box\" data-id=\"a4cfe2d\" data-element_type=\"widget\" data-e-type=\"widget\" data-widget_type=\"image-box.default\">\n\t\t\t\t<div class=\"elementor-widget-container\">\n\t\t\t\t\t<div class=\"elementor-image-box-wrapper\"><figure class=\"elementor-image-box-img\"><img decoding=\"async\" src=\"https:\/\/goodgut.eu\/wp-content\/uploads\/2021\/03\/ico-subject.svg\" class=\"attachment-full size-full wp-image-2074\" alt=\"\" \/><\/figure><div class=\"elementor-image-box-content\"><p class=\"elementor-image-box-description\"><br>5 subjectes sans<\/p><\/div><\/div>\t\t\t\t<\/div>\n\t\t\t\t<\/div>\n\t\t\t\t<div class=\"elementor-element elementor-element-4d2c168 elementor-widget elementor-widget-spacer\" data-id=\"4d2c168\" data-element_type=\"widget\" data-e-type=\"widget\" data-widget_type=\"spacer.default\">\n\t\t\t\t<div class=\"elementor-widget-container\">\n\t\t\t\t\t\t\t<div class=\"elementor-spacer\">\n\t\t\t<div class=\"elementor-spacer-inner\"><\/div>\n\t\t<\/div>\n\t\t\t\t\t\t<\/div>\n\t\t\t\t<\/div>\n\t\t\t\t\t<\/div>\n\t\t<\/div>\n\t\t\t\t<div class=\"elementor-column elementor-col-50 elementor-top-column elementor-element elementor-element-5fd903c\" data-id=\"5fd903c\" data-element_type=\"column\" data-e-type=\"column\">\n\t\t\t<div class=\"elementor-widget-wrap elementor-element-populated\">\n\t\t\t\t\t\t<div class=\"elementor-element elementor-element-bca22ae elementor-widget elementor-widget-text-editor\" data-id=\"bca22ae\" data-element_type=\"widget\" data-e-type=\"widget\" data-widget_type=\"text-editor.default\">\n\t\t\t\t<div class=\"elementor-widget-container\">\n\t\t\t\t\t\t\t\t\t<h3>Optimitzaci\u00f3 en<br \/>\nmostres de femta<\/h3>\n\t\t\t\t\t\t\t\t<\/div>\n\t\t\t\t<\/div>\n\t\t\t\t<div class=\"elementor-element elementor-element-26f3a75 elementor-widget elementor-widget-image\" data-id=\"26f3a75\" data-element_type=\"widget\" data-e-type=\"widget\" data-widget_type=\"image.default\">\n\t\t\t\t<div class=\"elementor-widget-container\">\n\t\t\t\t\t\t\t\t\t\t\t\t\t\t\t<img decoding=\"async\" width=\"1\" height=\"1\" src=\"https:\/\/goodgut.eu\/wp-content\/uploads\/2021\/03\/pipeline_optimizacion.svg\" class=\"attachment-large size-large wp-image-2923\" alt=\"\" \/>\t\t\t\t\t\t\t\t\t\t\t\t\t\t\t<\/div>\n\t\t\t\t<\/div>\n\t\t\t\t<div class=\"elementor-element elementor-element-2a49a0e multiply elementor-widget elementor-widget-image\" data-id=\"2a49a0e\" data-element_type=\"widget\" data-e-type=\"widget\" data-widget_type=\"image.default\">\n\t\t\t\t<div class=\"elementor-widget-container\">\n\t\t\t\t\t\t\t\t\t\t\t\t\t\t\t<img loading=\"lazy\" decoding=\"async\" width=\"400\" height=\"60\" src=\"https:\/\/goodgut.eu\/wp-content\/uploads\/2021\/03\/testurgut_prediction_opt_logos.jpg\" class=\"attachment-large size-large wp-image-3725\" alt=\"\" srcset=\"https:\/\/goodgut.eu\/wp-content\/uploads\/2021\/03\/testurgut_prediction_opt_logos.jpg 400w, https:\/\/goodgut.eu\/wp-content\/uploads\/2021\/03\/testurgut_prediction_opt_logos-300x45.jpg 300w\" sizes=\"(max-width: 400px) 100vw, 400px\" \/>\t\t\t\t\t\t\t\t\t\t\t\t\t\t\t<\/div>\n\t\t\t\t<\/div>\n\t\t\t\t<div class=\"elementor-element elementor-element-d57176f elementor-position-left elementor-vertical-align-top elementor-widget elementor-widget-image-box\" data-id=\"d57176f\" data-element_type=\"widget\" data-e-type=\"widget\" data-widget_type=\"image-box.default\">\n\t\t\t\t<div class=\"elementor-widget-container\">\n\t\t\t\t\t<div class=\"elementor-image-box-wrapper\"><figure class=\"elementor-image-box-img\"><img decoding=\"async\" src=\"https:\/\/goodgut.eu\/wp-content\/uploads\/2021\/03\/ico-subject.svg\" class=\"attachment-full size-full wp-image-2074\" alt=\"\" \/><\/figure><div class=\"elementor-image-box-content\"><p class=\"elementor-image-box-description\"><br>38 pacients amb MII<\/p><\/div><\/div>\t\t\t\t<\/div>\n\t\t\t\t<\/div>\n\t\t\t\t<div class=\"elementor-element elementor-element-1a5d5f3 elementor-widget elementor-widget-spacer\" data-id=\"1a5d5f3\" data-element_type=\"widget\" data-e-type=\"widget\" data-widget_type=\"spacer.default\">\n\t\t\t\t<div class=\"elementor-widget-container\">\n\t\t\t\t\t\t\t<div class=\"elementor-spacer\">\n\t\t\t<div class=\"elementor-spacer-inner\"><\/div>\n\t\t<\/div>\n\t\t\t\t\t\t<\/div>\n\t\t\t\t<\/div>\n\t\t\t\t\t<\/div>\n\t\t<\/div>\n\t\t\t\t\t<\/div>\n\t\t<\/section>\n\t\t\t\t<section class=\"elementor-section elementor-top-section elementor-element elementor-element-d2490a8 pipeline elementor-section-boxed elementor-section-height-default elementor-section-height-default\" data-id=\"d2490a8\" data-element_type=\"section\" data-e-type=\"section\" data-settings=\"{&quot;background_background&quot;:&quot;classic&quot;}\">\n\t\t\t\t\t\t<div class=\"elementor-container elementor-column-gap-default\">\n\t\t\t\t\t<div class=\"elementor-column elementor-col-100 elementor-top-column elementor-element elementor-element-d9a1797\" data-id=\"d9a1797\" data-element_type=\"column\" data-e-type=\"column\">\n\t\t\t<div class=\"elementor-widget-wrap elementor-element-populated\">\n\t\t\t\t\t\t<div class=\"elementor-element elementor-element-19ae718 elementor-widget elementor-widget-text-editor\" data-id=\"19ae718\" data-element_type=\"widget\" data-e-type=\"widget\" data-widget_type=\"text-editor.default\">\n\t\t\t\t<div class=\"elementor-widget-container\">\n\t\t\t\t\t\t\t\t\t<p class=\"small\">SII, S\u00edndrome de l&#8217;Intest\u00ed Irritable; MII, Malaltia Inflamat\u00f2ria Intestinal<\/p>\n\t\t\t\t\t\t\t\t<\/div>\n\t\t\t\t<\/div>\n\t\t\t\t<div class=\"elementor-element elementor-element-3805995 elementor-widget elementor-widget-spacer\" data-id=\"3805995\" data-element_type=\"widget\" data-e-type=\"widget\" data-widget_type=\"spacer.default\">\n\t\t\t\t<div class=\"elementor-widget-container\">\n\t\t\t\t\t\t\t<div class=\"elementor-spacer\">\n\t\t\t<div class=\"elementor-spacer-inner\"><\/div>\n\t\t<\/div>\n\t\t\t\t\t\t<\/div>\n\t\t\t\t<\/div>\n\t\t\t\t\t<\/div>\n\t\t<\/div>\n\t\t\t\t\t<\/div>\n\t\t<\/section>\n\t\t\t\t<section class=\"elementor-section elementor-top-section elementor-element elementor-element-8ad97a8 elementor-section-boxed elementor-section-height-default elementor-section-height-default\" data-id=\"8ad97a8\" data-element_type=\"section\" data-e-type=\"section\">\n\t\t\t\t\t\t<div class=\"elementor-container elementor-column-gap-default\">\n\t\t\t\t\t<div class=\"elementor-column elementor-col-100 elementor-top-column elementor-element elementor-element-b46f346\" data-id=\"b46f346\" data-element_type=\"column\" data-e-type=\"column\">\n\t\t\t<div class=\"elementor-widget-wrap elementor-element-populated\">\n\t\t\t\t\t\t<div class=\"elementor-element elementor-element-67ffd8b elementor-widget elementor-widget-text-editor\" data-id=\"67ffd8b\" data-element_type=\"widget\" data-e-type=\"widget\" data-widget_type=\"text-editor.default\">\n\t\t\t\t<div class=\"elementor-widget-container\">\n\t\t\t\t\t\t\t\t\t<h3>El RAID-Prediction (Risk Assessement of Intestinal Disease &#8211; Prediction) \u00e9s un test no invasiu que permet predir la resposta al tractament en pacients amb Malaltia de Crohn o Colitis Ulcerosa mitjan\u00e7ant la determinaci\u00f3 d&#8217;una firma microbiana espec\u00edfica en femta.<\/h3>\n<h4>Situaci\u00f3 actual: problemes i necessitats<\/h4>\n<ul>\n<li>La Malaltia de Crohn i la Colitis Ulcerosa s\u00f3n malalties inflamat\u00f2ries cr\u00f2niques que cursen amb per\u00edodes alterns d&#8217;activitat i remissi\u00f3. L&#8217;etiologia d&#8217;aquestes patologies \u00e9s encara desconeguda, dificultant l&#8217;elecci\u00f3 de la millor estrat\u00e8gia de tractament.<\/li>\n<li class=\"li1\">Els agents biol\u00f2gics com l&#8217;antagonista del factor alfa de necrosi tumoral (anti-TNF\u03b1) han perm\u00e8s un gran aven\u00e7 en el tractament d&#8217;aquests pacients, millorant la seva qualitat de vida i disminuint les cirurgies i hospitalitzacions.<\/li>\n<li>No obstant aix\u00f2, entre el 10 i el 30% dels pacients no respon al tractament inicial despr\u00e9s del per\u00edode d&#8217;inducci\u00f3, i del 20% al 50% dels pacients requereixen optimitzar la dosi per respondre al tractament.<\/li>\n<li class=\"li1\">La manca de marcadors predictius comporta efectes secundaris innecessaris i una important c\u00e0rrega econ\u00f2mica per al sistema de salut p\u00fablica.<\/li>\n<li class=\"li1\">La medicina personalitzada pot ser de gran ajuda en el maneig de la MII, permetent con\u00e8ixer amb antelaci\u00f3 l&#8217;estrat\u00e8gia m\u00e9s adequada per a cada pacient.<\/li>\n<\/ul>\n<p><b><i class=\"fas fa-chevron-circle-right\" aria-hidden=\"true\"><\/i> Es necessiten eines per a predir la resposta al tractament i oferir una estrat\u00e8gia personalitzada.<\/b><\/p>\n<h4>La nostra proposta<\/h4>\n<p class=\"p1\">El RAID-Prediction \u00e9s un sistema en desenvolupament, no invasiu, que ofereix incrementar l&#8217;efic\u00e0cia als tractaments per a pacients amb malaltia de Crohn o Colitis Ulcerosa amb la determinaci\u00f3 d&#8217;una signatura microbiol\u00f2gica espec\u00edfica en la mostra fecal. El test permet millorar la qualitat de vida dels pacients i reduir importants costos associats, a trav\u00e9s de l&#8217;aplicaci\u00f3 de medicina personalitzada.<\/p>\n<p class=\"p3\">La <b>definici\u00f3<\/b> de la signatura microbiol\u00f2gica es basa en l&#8217;estudi de 19 bi\u00f2psies intestinals de pacients amb malaltia de Crohn confirmats amb una colonosc\u00f2pia i amb subjectes sans, la comparaci\u00f3 de les quals en resposta al tractament amb Adalimumab \u2013 un anti-TNF &#8211; ha perm\u00e8s identificar una signatura diferencial en pacients responedors. La identificaci\u00f3 d&#8217;aquests microorganismes en la mucosa intestinal \u00e9s un punt clau, ja que aquesta \u00e9s m\u00e9s estable i resilient enfront de factors externs com la dieta. Aix\u00f2 ens permet evitar variacions en la determinaci\u00f3 i abastar diferents poblacions amb h\u00e0bits diferents. Aquest primer estudi s&#8217;ha realitzat juntament amb l&#8217;Hospital de Girona Dr. Josep Trueta, la Universitat de Girona i l&#8217;Institut d\u2019Investigaci\u00f3 Biom\u00e9dica de Girona (IdIBGi).<\/p>\n<p class=\"p3\">El seg\u00fcent pas per a oferir un test de diagn\u00f2stic no invasiu ha estat <b>optimitzar<\/b> la detecci\u00f3 en femta d&#8217;aquesta signatura microbiana definida en la mucosa intestinal per a predir tant la resposta al tractament com la intervenci\u00f3 quir\u00fargica. Per aquest motiu, s&#8217;ha realitzat un estudi multic\u00e8ntric observacional amb un total de 38 mostres fecals d&#8217;individus amb malaltia de Crohn o Colitis Ulcerosa, tractats amb diferents anti-TNF (Infliximab, Adalimumab o Golimumab) amb l&#8217;objectiu de diferenciar responedors de no responedors al tractament amb aquests agents. Van participar hospitals de refer\u00e8ncia a nivell nacional: Hospital Universitari de Girona Dr.Josep Trueta, l&#8217;Hospital Universitari de Bellvitge i l&#8217; Institut d&#8217;Assist\u00e8ncia Sanit\u00e0ria (IAS). Per a m\u00e9s informaci\u00f3, podeu consultar els resultats presentats al XXX Congr\u00e9s de la Societat Catalana de Digestologia 2021 <a href=\"https:\/\/scdigestologia-virtual.cat\/img\/posters\/P71_poster.pdf\" target=\"_blank\" rel=\"noopener\">aqu\u00ed. <\/a><\/p>\n<p class=\"p3\">Actualment s&#8217;estan duent a terme m\u00e9s proves de concepte que inclouen l&#8217;estudi de signatures microbianes espec\u00edfiques de responedors a altres mecanismes d&#8217;acci\u00f3 i tractaments, per incloure l&#8217;ampli ventall d&#8217;opcions disponibles i facilitar la presa de decisi\u00f3 en el maneig d&#8217;aquests pacients. Un cop definides totes les firmes microbianes necess\u00e0ries i la seva inclusi\u00f3 en l&#8217;algoritme, es realitzar\u00e0 la validaci\u00f3 en una cohort externa, tal com s&#8217;ha realitzat per al desenvolupament de la resta de productes, per al seu llan\u00e7ament a mercat en els propers anys.<\/p>\n<p class=\"p3\">El RAID-Prediction estar\u00e0 al mercat per a predir la resposta a tractament en pacients amb malaltia de Crohn o Colitis Ulcerosa. Amb la nostra investigaci\u00f3 volem ajudar a fer possible el tractament personalitzat per a millorar la qualitat de vida d&#8217;aquests pacients.<\/p>\n\t\t\t\t\t\t\t\t<\/div>\n\t\t\t\t<\/div>\n\t\t\t\t\t<\/div>\n\t\t<\/div>\n\t\t\t\t\t<\/div>\n\t\t<\/section>\n\t\t\t\t<\/div>\n\t\t","protected":false},"excerpt":{"rendered":"<p>RAID-Prediction In Vitro Diagnostics. Inflammatory Bowel Disease Ideation Product Definition Product Optimitzation Product Validation Regulatory Testing Service Product Launch Product Maintenance Definici\u00f3 amb bi\u00f2psies intestinals 14 pacients amb MC 5 subjectes sans Optimitzaci\u00f3 en mostres de femta 38 pacients amb MII SII, S\u00edndrome de l&#8217;Intest\u00ed Irritable; MII, Malaltia Inflamat\u00f2ria Intestinal El RAID-Prediction (Risk Assessement of [&hellip;]<\/p>\n","protected":false},"author":1,"featured_media":0,"parent":6269,"menu_order":0,"comment_status":"closed","ping_status":"closed","template":"elementor_header_footer","meta":{"_acf_changed":false,"footnotes":""},"class_list":["post-6611","page","type-page","status-publish","hentry"],"acf":[],"_links":{"self":[{"href":"https:\/\/goodgut.eu\/ca\/wp-json\/wp\/v2\/pages\/6611","targetHints":{"allow":["GET"]}}],"collection":[{"href":"https:\/\/goodgut.eu\/ca\/wp-json\/wp\/v2\/pages"}],"about":[{"href":"https:\/\/goodgut.eu\/ca\/wp-json\/wp\/v2\/types\/page"}],"author":[{"embeddable":true,"href":"https:\/\/goodgut.eu\/ca\/wp-json\/wp\/v2\/users\/1"}],"replies":[{"embeddable":true,"href":"https:\/\/goodgut.eu\/ca\/wp-json\/wp\/v2\/comments?post=6611"}],"version-history":[{"count":0,"href":"https:\/\/goodgut.eu\/ca\/wp-json\/wp\/v2\/pages\/6611\/revisions"}],"up":[{"embeddable":true,"href":"https:\/\/goodgut.eu\/ca\/wp-json\/wp\/v2\/pages\/6269"}],"wp:attachment":[{"href":"https:\/\/goodgut.eu\/ca\/wp-json\/wp\/v2\/media?parent=6611"}],"curies":[{"name":"wp","href":"https:\/\/api.w.org\/{rel}","templated":true}]}}