{"id":6604,"date":"2021-08-17T14:06:13","date_gmt":"2021-08-17T13:06:13","guid":{"rendered":"https:\/\/goodgut.eu\/pipeline\/raid-dx-pipeline\/"},"modified":"2021-08-17T14:06:14","modified_gmt":"2021-08-17T13:06:14","slug":"raid-dx-pipeline","status":"publish","type":"page","link":"https:\/\/goodgut.eu\/ca\/pipeline\/raid-dx-pipeline\/","title":{"rendered":"RAID-Dx pipeline"},"content":{"rendered":"\t\t<div data-elementor-type=\"wp-page\" data-elementor-id=\"6604\" class=\"elementor elementor-6604 elementor-2207\" data-elementor-post-type=\"page\">\n\t\t\t\t\t\t<section class=\"elementor-section elementor-top-section elementor-element elementor-element-7fddd4e pipeline elementor-section-boxed elementor-section-height-default elementor-section-height-default\" data-id=\"7fddd4e\" data-element_type=\"section\" data-e-type=\"section\" data-settings=\"{&quot;background_background&quot;:&quot;classic&quot;}\">\n\t\t\t\t\t\t\t<div class=\"elementor-background-overlay\"><\/div>\n\t\t\t\t\t\t\t<div class=\"elementor-container elementor-column-gap-extended\">\n\t\t\t\t\t<div class=\"elementor-column elementor-col-100 elementor-top-column elementor-element elementor-element-6041a81\" data-id=\"6041a81\" data-element_type=\"column\" data-e-type=\"column\">\n\t\t\t<div class=\"elementor-widget-wrap elementor-element-populated\">\n\t\t\t\t\t\t<div class=\"elementor-element elementor-element-4a6d2fd elementor-widget elementor-widget-text-editor\" data-id=\"4a6d2fd\" data-element_type=\"widget\" data-e-type=\"widget\" data-widget_type=\"text-editor.default\">\n\t\t\t\t<div class=\"elementor-widget-container\">\n\t\t\t\t\t\t\t\t\t<h1>RAID-Dx pipeline<\/h1>\n<h3><em>In vitro<\/em> Diagnostics. Irritable Bowel Syndrome<\/h3>\n\t\t\t\t\t\t\t\t<\/div>\n\t\t\t\t<\/div>\n\t\t\t\t\t<\/div>\n\t\t<\/div>\n\t\t\t\t\t<\/div>\n\t\t<\/section>\n\t\t\t\t<section class=\"elementor-section elementor-top-section elementor-element elementor-element-479cb7e elementor-section-boxed elementor-section-height-default elementor-section-height-default\" data-id=\"479cb7e\" data-element_type=\"section\" data-e-type=\"section\" data-settings=\"{&quot;background_background&quot;:&quot;classic&quot;}\">\n\t\t\t\t\t\t<div class=\"elementor-container elementor-column-gap-default\">\n\t\t\t\t\t<div class=\"elementor-column elementor-col-100 elementor-top-column elementor-element elementor-element-29c46c3\" data-id=\"29c46c3\" data-element_type=\"column\" data-e-type=\"column\">\n\t\t\t<div class=\"elementor-widget-wrap elementor-element-populated\">\n\t\t\t\t\t\t<section class=\"elementor-section elementor-inner-section elementor-element elementor-element-600f1a1 quadre-pipeline elementor-section-boxed elementor-section-height-default elementor-section-height-default\" data-id=\"600f1a1\" data-element_type=\"section\" data-e-type=\"section\">\n\t\t\t\t\t\t<div class=\"elementor-container elementor-column-gap-default\">\n\t\t\t\t\t<div class=\"elementor-column elementor-col-12 elementor-inner-column elementor-element elementor-element-e7366b5\" data-id=\"e7366b5\" data-element_type=\"column\" data-e-type=\"column\">\n\t\t\t<div class=\"elementor-widget-wrap elementor-element-populated\">\n\t\t\t\t\t\t<div class=\"elementor-element elementor-element-e07d4f9 elementor-widget elementor-widget-text-editor\" data-id=\"e07d4f9\" data-element_type=\"widget\" data-e-type=\"widget\" data-widget_type=\"text-editor.default\">\n\t\t\t\t<div class=\"elementor-widget-container\">\n\t\t\t\t\t\t\t\t\t<p>Ideation<\/p>\n\t\t\t\t\t\t\t\t<\/div>\n\t\t\t\t<\/div>\n\t\t\t\t\t<\/div>\n\t\t<\/div>\n\t\t\t\t<div class=\"elementor-column elementor-col-12 elementor-inner-column elementor-element elementor-element-70d389e\" data-id=\"70d389e\" data-element_type=\"column\" data-e-type=\"column\">\n\t\t\t<div class=\"elementor-widget-wrap elementor-element-populated\">\n\t\t\t\t\t\t<div class=\"elementor-element elementor-element-3807f58 elementor-widget elementor-widget-text-editor\" data-id=\"3807f58\" data-element_type=\"widget\" data-e-type=\"widget\" data-widget_type=\"text-editor.default\">\n\t\t\t\t<div class=\"elementor-widget-container\">\n\t\t\t\t\t\t\t\t\t<p>Product Definition<\/p>\n\t\t\t\t\t\t\t\t<\/div>\n\t\t\t\t<\/div>\n\t\t\t\t\t<\/div>\n\t\t<\/div>\n\t\t\t\t<div class=\"elementor-column elementor-col-12 elementor-inner-column elementor-element elementor-element-60fdcfe\" data-id=\"60fdcfe\" data-element_type=\"column\" data-e-type=\"column\">\n\t\t\t<div class=\"elementor-widget-wrap elementor-element-populated\">\n\t\t\t\t\t\t<div class=\"elementor-element elementor-element-581cd1e elementor-widget elementor-widget-text-editor\" data-id=\"581cd1e\" data-element_type=\"widget\" data-e-type=\"widget\" data-widget_type=\"text-editor.default\">\n\t\t\t\t<div class=\"elementor-widget-container\">\n\t\t\t\t\t\t\t\t\t<p>Product Optimitzation<\/p>\n\t\t\t\t\t\t\t\t<\/div>\n\t\t\t\t<\/div>\n\t\t\t\t\t<\/div>\n\t\t<\/div>\n\t\t\t\t<div class=\"elementor-column elementor-col-12 elementor-inner-column elementor-element elementor-element-5e10bff\" data-id=\"5e10bff\" data-element_type=\"column\" data-e-type=\"column\">\n\t\t\t<div class=\"elementor-widget-wrap elementor-element-populated\">\n\t\t\t\t\t\t<div class=\"elementor-element elementor-element-ea9d4dd elementor-widget elementor-widget-text-editor\" data-id=\"ea9d4dd\" data-element_type=\"widget\" data-e-type=\"widget\" data-widget_type=\"text-editor.default\">\n\t\t\t\t<div class=\"elementor-widget-container\">\n\t\t\t\t\t\t\t\t\t<p>Product Validation<\/p>\n\t\t\t\t\t\t\t\t<\/div>\n\t\t\t\t<\/div>\n\t\t\t\t\t<\/div>\n\t\t<\/div>\n\t\t\t\t<div class=\"elementor-column elementor-col-12 elementor-inner-column elementor-element elementor-element-c1c8237\" data-id=\"c1c8237\" data-element_type=\"column\" data-e-type=\"column\">\n\t\t\t<div class=\"elementor-widget-wrap elementor-element-populated\">\n\t\t\t\t\t\t<div class=\"elementor-element elementor-element-774251b elementor-widget elementor-widget-text-editor\" data-id=\"774251b\" data-element_type=\"widget\" data-e-type=\"widget\" data-widget_type=\"text-editor.default\">\n\t\t\t\t<div class=\"elementor-widget-container\">\n\t\t\t\t\t\t\t\t\t<p>Regulatory<\/p>\n\t\t\t\t\t\t\t\t<\/div>\n\t\t\t\t<\/div>\n\t\t\t\t\t<\/div>\n\t\t<\/div>\n\t\t\t\t<div class=\"elementor-column elementor-col-12 elementor-inner-column elementor-element elementor-element-242738f\" data-id=\"242738f\" data-element_type=\"column\" data-e-type=\"column\">\n\t\t\t<div class=\"elementor-widget-wrap elementor-element-populated\">\n\t\t\t\t\t\t<div class=\"elementor-element elementor-element-f9c596c elementor-widget elementor-widget-text-editor\" data-id=\"f9c596c\" data-element_type=\"widget\" data-e-type=\"widget\" data-widget_type=\"text-editor.default\">\n\t\t\t\t<div class=\"elementor-widget-container\">\n\t\t\t\t\t\t\t\t\t<p>Testing Service<\/p>\n\t\t\t\t\t\t\t\t<\/div>\n\t\t\t\t<\/div>\n\t\t\t\t\t<\/div>\n\t\t<\/div>\n\t\t\t\t<div class=\"elementor-column elementor-col-12 elementor-inner-column elementor-element elementor-element-317788a\" data-id=\"317788a\" data-element_type=\"column\" data-e-type=\"column\">\n\t\t\t<div class=\"elementor-widget-wrap elementor-element-populated\">\n\t\t\t\t\t\t<div class=\"elementor-element elementor-element-d31a63c elementor-widget elementor-widget-text-editor\" data-id=\"d31a63c\" data-element_type=\"widget\" data-e-type=\"widget\" data-widget_type=\"text-editor.default\">\n\t\t\t\t<div class=\"elementor-widget-container\">\n\t\t\t\t\t\t\t\t\t<p>Product Launch<\/p>\n\t\t\t\t\t\t\t\t<\/div>\n\t\t\t\t<\/div>\n\t\t\t\t\t<\/div>\n\t\t<\/div>\n\t\t\t\t<div class=\"elementor-column elementor-col-12 elementor-inner-column elementor-element elementor-element-ea1fa61\" data-id=\"ea1fa61\" data-element_type=\"column\" data-e-type=\"column\">\n\t\t\t<div class=\"elementor-widget-wrap elementor-element-populated\">\n\t\t\t\t\t\t<div class=\"elementor-element elementor-element-10a1a3d elementor-widget elementor-widget-text-editor\" data-id=\"10a1a3d\" data-element_type=\"widget\" data-e-type=\"widget\" data-widget_type=\"text-editor.default\">\n\t\t\t\t<div class=\"elementor-widget-container\">\n\t\t\t\t\t\t\t\t\t<p>Product Maintenance<\/p>\n\t\t\t\t\t\t\t\t<\/div>\n\t\t\t\t<\/div>\n\t\t\t\t\t<\/div>\n\t\t<\/div>\n\t\t\t\t\t<\/div>\n\t\t<\/section>\n\t\t\t\t<div class=\"elementor-element elementor-element-605221f barra-pipeline dx elementor-widget elementor-widget-global elementor-global-6665 elementor-global-3059 elementor-widget-progress\" data-id=\"605221f\" data-element_type=\"widget\" data-e-type=\"widget\" data-widget_type=\"progress.default\">\n\t\t\t\t<div class=\"elementor-widget-container\">\n\t\t\t\t\t\n\t\t<div class=\"elementor-progress-wrapper\" role=\"progressbar\" aria-valuemin=\"0\" aria-valuemax=\"100\" aria-valuenow=\"74\">\n\t\t\t<div class=\"elementor-progress-bar\" data-max=\"74\">\n\t\t\t\t<span class=\"elementor-progress-text\"><\/span>\n\t\t\t\t\t\t\t<\/div>\n\t\t<\/div>\n\t\t\t\t\t\t<\/div>\n\t\t\t\t<\/div>\n\t\t\t\t\t<\/div>\n\t\t<\/div>\n\t\t\t\t\t<\/div>\n\t\t<\/section>\n\t\t\t\t<section class=\"elementor-section elementor-top-section elementor-element elementor-element-d1755ed pipeline elementor-section-boxed elementor-section-height-default elementor-section-height-default\" data-id=\"d1755ed\" data-element_type=\"section\" data-e-type=\"section\" data-settings=\"{&quot;background_background&quot;:&quot;classic&quot;}\">\n\t\t\t\t\t\t<div class=\"elementor-container elementor-column-gap-default\">\n\t\t\t\t\t<div class=\"elementor-column elementor-col-50 elementor-top-column elementor-element elementor-element-e86523f\" data-id=\"e86523f\" data-element_type=\"column\" data-e-type=\"column\">\n\t\t\t<div class=\"elementor-widget-wrap elementor-element-populated\">\n\t\t\t\t\t\t<div class=\"elementor-element elementor-element-b12e2e7 elementor-widget elementor-widget-text-editor\" data-id=\"b12e2e7\" data-element_type=\"widget\" data-e-type=\"widget\" data-widget_type=\"text-editor.default\">\n\t\t\t\t<div class=\"elementor-widget-container\">\n\t\t\t\t\t\t\t\t\t<h3>Definici\u00f3 en bi\u00f2psies\u00a0intestinals<\/h3>\n\t\t\t\t\t\t\t\t<\/div>\n\t\t\t\t<\/div>\n\t\t\t\t<div class=\"elementor-element elementor-element-1689a7e elementor-widget elementor-widget-image\" data-id=\"1689a7e\" data-element_type=\"widget\" data-e-type=\"widget\" data-widget_type=\"image.default\">\n\t\t\t\t<div class=\"elementor-widget-container\">\n\t\t\t\t\t\t\t\t\t\t\t\t\t\t\t<img decoding=\"async\" width=\"1\" height=\"1\" src=\"https:\/\/goodgut.eu\/wp-content\/uploads\/2021\/03\/pipeline_definicion_2.svg\" class=\"attachment-large size-large wp-image-2921\" alt=\"\" \/>\t\t\t\t\t\t\t\t\t\t\t\t\t\t\t<\/div>\n\t\t\t\t<\/div>\n\t\t\t\t<div class=\"elementor-element elementor-element-06357fc multiply elementor-widget elementor-widget-image\" data-id=\"06357fc\" data-element_type=\"widget\" data-e-type=\"widget\" data-widget_type=\"image.default\">\n\t\t\t\t<div class=\"elementor-widget-container\">\n\t\t\t\t\t\t\t\t\t\t\t\t\t\t\t<img decoding=\"async\" width=\"400\" height=\"60\" src=\"https:\/\/goodgut.eu\/wp-content\/uploads\/2021\/03\/th_logos_dx_def.jpg\" class=\"attachment-large size-large wp-image-2933\" alt=\"\" srcset=\"https:\/\/goodgut.eu\/wp-content\/uploads\/2021\/03\/th_logos_dx_def.jpg 400w, https:\/\/goodgut.eu\/wp-content\/uploads\/2021\/03\/th_logos_dx_def-300x45.jpg 300w\" sizes=\"(max-width: 400px) 100vw, 400px\" \/>\t\t\t\t\t\t\t\t\t\t\t\t\t\t\t<\/div>\n\t\t\t\t<\/div>\n\t\t\t\t<div class=\"elementor-element elementor-element-bb5d670 elementor-position-left elementor-vertical-align-top elementor-widget elementor-widget-image-box\" data-id=\"bb5d670\" data-element_type=\"widget\" data-e-type=\"widget\" data-widget_type=\"image-box.default\">\n\t\t\t\t<div class=\"elementor-widget-container\">\n\t\t\t\t\t<div class=\"elementor-image-box-wrapper\"><figure class=\"elementor-image-box-img\"><img decoding=\"async\" src=\"https:\/\/goodgut.eu\/wp-content\/uploads\/2021\/03\/ico-subject.svg\" class=\"attachment-full size-full wp-image-2074\" alt=\"\" \/><\/figure><div class=\"elementor-image-box-content\"><p class=\"elementor-image-box-description\">10 pacients amb SII<br>56 pacients amb MII<\/p><\/div><\/div>\t\t\t\t<\/div>\n\t\t\t\t<\/div>\n\t\t\t\t<div class=\"elementor-element elementor-element-f2afc81 elementor-position-left elementor-vertical-align-top elementor-widget elementor-widget-image-box\" data-id=\"f2afc81\" data-element_type=\"widget\" data-e-type=\"widget\" data-widget_type=\"image-box.default\">\n\t\t\t\t<div class=\"elementor-widget-container\">\n\t\t\t\t\t<div class=\"elementor-image-box-wrapper\"><figure class=\"elementor-image-box-img\"><img decoding=\"async\" src=\"https:\/\/goodgut.eu\/wp-content\/uploads\/2021\/03\/ico-subject.svg\" class=\"attachment-full size-full wp-image-2074\" alt=\"\" \/><\/figure><div class=\"elementor-image-box-content\"><p class=\"elementor-image-box-description\"><br>31 subjectes sans<\/p><\/div><\/div>\t\t\t\t<\/div>\n\t\t\t\t<\/div>\n\t\t\t\t<div class=\"elementor-element elementor-element-4d2c168 elementor-widget elementor-widget-spacer\" data-id=\"4d2c168\" data-element_type=\"widget\" data-e-type=\"widget\" data-widget_type=\"spacer.default\">\n\t\t\t\t<div class=\"elementor-widget-container\">\n\t\t\t\t\t\t\t<div class=\"elementor-spacer\">\n\t\t\t<div class=\"elementor-spacer-inner\"><\/div>\n\t\t<\/div>\n\t\t\t\t\t\t<\/div>\n\t\t\t\t<\/div>\n\t\t\t\t<div class=\"elementor-element elementor-element-470ff9a elementor-align-center elementor-widget elementor-widget-button\" data-id=\"470ff9a\" data-element_type=\"widget\" data-e-type=\"widget\" data-widget_type=\"button.default\">\n\t\t\t\t<div class=\"elementor-widget-container\">\n\t\t\t\t\t\t\t\t\t<div class=\"elementor-button-wrapper\">\n\t\t\t\t\t<a class=\"elementor-button elementor-button-link elementor-size-sm\" href=\"https:\/\/pubmed.ncbi.nlm.nih.gov\/26595550\/\" target=\"_blank\" rel=\"noopener\">\n\t\t\t\t\t\t<span class=\"elementor-button-content-wrapper\">\n\t\t\t\t\t\t<span class=\"elementor-button-icon\">\n\t\t\t\t<i aria-hidden=\"true\" class=\"fas fa-external-link-alt\"><\/i>\t\t\t<\/span>\n\t\t\t\t\t\t\t\t\t<span class=\"elementor-button-text\">Lopez-Siles M, et al. 2014<\/span>\n\t\t\t\t\t<\/span>\n\t\t\t\t\t<\/a>\n\t\t\t\t<\/div>\n\t\t\t\t\t\t\t\t<\/div>\n\t\t\t\t<\/div>\n\t\t\t\t\t<\/div>\n\t\t<\/div>\n\t\t\t\t<div class=\"elementor-column elementor-col-50 elementor-top-column elementor-element elementor-element-5fd903c\" data-id=\"5fd903c\" data-element_type=\"column\" data-e-type=\"column\">\n\t\t\t<div class=\"elementor-widget-wrap elementor-element-populated\">\n\t\t\t\t\t\t<div class=\"elementor-element elementor-element-bca22ae elementor-widget elementor-widget-text-editor\" data-id=\"bca22ae\" data-element_type=\"widget\" data-e-type=\"widget\" data-widget_type=\"text-editor.default\">\n\t\t\t\t<div class=\"elementor-widget-container\">\n\t\t\t\t\t\t\t\t\t<h3>Optimitzaci\u00f3 i validaci\u00f3 en mostres de femta<\/h3>\n\t\t\t\t\t\t\t\t<\/div>\n\t\t\t\t<\/div>\n\t\t\t\t<div class=\"elementor-element elementor-element-26f3a75 elementor-widget elementor-widget-image\" data-id=\"26f3a75\" data-element_type=\"widget\" data-e-type=\"widget\" data-widget_type=\"image.default\">\n\t\t\t\t<div class=\"elementor-widget-container\">\n\t\t\t\t\t\t\t\t\t\t\t\t\t\t\t<img decoding=\"async\" width=\"1\" height=\"1\" src=\"https:\/\/goodgut.eu\/wp-content\/uploads\/2021\/03\/pipeline_optimizacion.svg\" class=\"attachment-large size-large wp-image-2923\" alt=\"\" \/>\t\t\t\t\t\t\t\t\t\t\t\t\t\t\t<\/div>\n\t\t\t\t<\/div>\n\t\t\t\t<div class=\"elementor-element elementor-element-2a49a0e multiply elementor-widget elementor-widget-image\" data-id=\"2a49a0e\" data-element_type=\"widget\" data-e-type=\"widget\" data-widget_type=\"image.default\">\n\t\t\t\t<div class=\"elementor-widget-container\">\n\t\t\t\t\t\t\t\t\t\t\t\t\t\t\t<img loading=\"lazy\" decoding=\"async\" width=\"400\" height=\"60\" src=\"https:\/\/goodgut.eu\/wp-content\/uploads\/2021\/03\/th_logos_dx_opt.jpg\" class=\"attachment-large size-large wp-image-2935\" alt=\"\" srcset=\"https:\/\/goodgut.eu\/wp-content\/uploads\/2021\/03\/th_logos_dx_opt.jpg 400w, https:\/\/goodgut.eu\/wp-content\/uploads\/2021\/03\/th_logos_dx_opt-300x45.jpg 300w\" sizes=\"(max-width: 400px) 100vw, 400px\" \/>\t\t\t\t\t\t\t\t\t\t\t\t\t\t\t<\/div>\n\t\t\t\t<\/div>\n\t\t\t\t<div class=\"elementor-element elementor-element-d57176f elementor-position-left elementor-vertical-align-top elementor-widget elementor-widget-image-box\" data-id=\"d57176f\" data-element_type=\"widget\" data-e-type=\"widget\" data-widget_type=\"image-box.default\">\n\t\t\t\t<div class=\"elementor-widget-container\">\n\t\t\t\t\t<div class=\"elementor-image-box-wrapper\"><figure class=\"elementor-image-box-img\"><img decoding=\"async\" src=\"https:\/\/goodgut.eu\/wp-content\/uploads\/2021\/03\/ico-subject.svg\" class=\"attachment-full size-full wp-image-2074\" alt=\"\" \/><\/figure><div class=\"elementor-image-box-content\"><p class=\"elementor-image-box-description\">80 pacients amb SII 58 pacients amb MII<br><\/p><\/div><\/div>\t\t\t\t<\/div>\n\t\t\t\t<\/div>\n\t\t\t\t<div class=\"elementor-element elementor-element-a6ab85c elementor-position-left elementor-vertical-align-top elementor-widget elementor-widget-image-box\" data-id=\"a6ab85c\" data-element_type=\"widget\" data-e-type=\"widget\" data-widget_type=\"image-box.default\">\n\t\t\t\t<div class=\"elementor-widget-container\">\n\t\t\t\t\t<div class=\"elementor-image-box-wrapper\"><figure class=\"elementor-image-box-img\"><img decoding=\"async\" src=\"https:\/\/goodgut.eu\/wp-content\/uploads\/2021\/03\/ico-subject.svg\" class=\"attachment-full size-full wp-image-2074\" alt=\"\" \/><\/figure><div class=\"elementor-image-box-content\"><p class=\"elementor-image-box-description\"><br>74 subjectes sans<\/p><\/div><\/div>\t\t\t\t<\/div>\n\t\t\t\t<\/div>\n\t\t\t\t<div class=\"elementor-element elementor-element-1a5d5f3 elementor-widget elementor-widget-spacer\" data-id=\"1a5d5f3\" data-element_type=\"widget\" data-e-type=\"widget\" data-widget_type=\"spacer.default\">\n\t\t\t\t<div class=\"elementor-widget-container\">\n\t\t\t\t\t\t\t<div class=\"elementor-spacer\">\n\t\t\t<div class=\"elementor-spacer-inner\"><\/div>\n\t\t<\/div>\n\t\t\t\t\t\t<\/div>\n\t\t\t\t<\/div>\n\t\t\t\t<div class=\"elementor-element elementor-element-574cca0 elementor-align-center elementor-widget elementor-widget-button\" data-id=\"574cca0\" data-element_type=\"widget\" data-e-type=\"widget\" data-widget_type=\"button.default\">\n\t\t\t\t<div class=\"elementor-widget-container\">\n\t\t\t\t\t\t\t\t\t<div class=\"elementor-button-wrapper\">\n\t\t\t\t\t<a class=\"elementor-button elementor-button-link elementor-size-sm\" href=\"https:\/\/onlinelibrary.wiley.com\/doi\/full\/10.1002\/ygh2.417\" target=\"_blank\" rel=\"noopener\">\n\t\t\t\t\t\t<span class=\"elementor-button-content-wrapper\">\n\t\t\t\t\t\t<span class=\"elementor-button-icon\">\n\t\t\t\t<i aria-hidden=\"true\" class=\"fas fa-external-link-alt\"><\/i>\t\t\t<\/span>\n\t\t\t\t\t\t\t\t\t<span class=\"elementor-button-text\">Rami\u00f3-Pujol et al. 2020<\/span>\n\t\t\t\t\t<\/span>\n\t\t\t\t\t<\/a>\n\t\t\t\t<\/div>\n\t\t\t\t\t\t\t\t<\/div>\n\t\t\t\t<\/div>\n\t\t\t\t\t<\/div>\n\t\t<\/div>\n\t\t\t\t\t<\/div>\n\t\t<\/section>\n\t\t\t\t<section class=\"elementor-section elementor-top-section elementor-element elementor-element-2588a2d pipeline elementor-section-boxed elementor-section-height-default elementor-section-height-default\" data-id=\"2588a2d\" data-element_type=\"section\" data-e-type=\"section\" data-settings=\"{&quot;background_background&quot;:&quot;classic&quot;}\">\n\t\t\t\t\t\t<div class=\"elementor-container elementor-column-gap-default\">\n\t\t\t\t\t<div class=\"elementor-column elementor-col-100 elementor-top-column elementor-element elementor-element-c03cbe8\" data-id=\"c03cbe8\" data-element_type=\"column\" data-e-type=\"column\">\n\t\t\t<div class=\"elementor-widget-wrap elementor-element-populated\">\n\t\t\t\t\t\t<div class=\"elementor-element elementor-element-b39d98a elementor-widget elementor-widget-text-editor\" data-id=\"b39d98a\" data-element_type=\"widget\" data-e-type=\"widget\" data-widget_type=\"text-editor.default\">\n\t\t\t\t<div class=\"elementor-widget-container\">\n\t\t\t\t\t\t\t\t\t<p class=\"small\">MII, Malaltia Inflamat\u00f2ria Intestinal; SII, S\u00edndrome de l&#8217;Intest\u00ed Irritable<\/p>\n\t\t\t\t\t\t\t\t<\/div>\n\t\t\t\t<\/div>\n\t\t\t\t<div class=\"elementor-element elementor-element-f06a350 elementor-widget elementor-widget-spacer\" data-id=\"f06a350\" data-element_type=\"widget\" data-e-type=\"widget\" data-widget_type=\"spacer.default\">\n\t\t\t\t<div class=\"elementor-widget-container\">\n\t\t\t\t\t\t\t<div class=\"elementor-spacer\">\n\t\t\t<div class=\"elementor-spacer-inner\"><\/div>\n\t\t<\/div>\n\t\t\t\t\t\t<\/div>\n\t\t\t\t<\/div>\n\t\t\t\t\t<\/div>\n\t\t<\/div>\n\t\t\t\t\t<\/div>\n\t\t<\/section>\n\t\t\t\t<section class=\"elementor-section elementor-top-section elementor-element elementor-element-6204d75 elementor-section-boxed elementor-section-height-default elementor-section-height-default\" data-id=\"6204d75\" data-element_type=\"section\" data-e-type=\"section\">\n\t\t\t\t\t\t<div class=\"elementor-container elementor-column-gap-default\">\n\t\t\t\t\t<div class=\"elementor-column elementor-col-100 elementor-top-column elementor-element elementor-element-177c2b4\" data-id=\"177c2b4\" data-element_type=\"column\" data-e-type=\"column\">\n\t\t\t<div class=\"elementor-widget-wrap elementor-element-populated\">\n\t\t\t\t\t\t<div class=\"elementor-element elementor-element-690df83 elementor-widget elementor-widget-text-editor\" data-id=\"690df83\" data-element_type=\"widget\" data-e-type=\"widget\" data-widget_type=\"text-editor.default\">\n\t\t\t\t<div class=\"elementor-widget-container\">\n\t\t\t\t\t\t\t\t\t<h3>El RAID-Dx (Risk Assessment of Intestinal Disease &#8211; Diagnosis) \u00e9s el primer test no invasiu per al diagn\u00f2stic prec\u00eds i fiable de la S\u00edndrome de l&#8217;Intest\u00ed Irritable mitjan\u00e7ant la determinaci\u00f3 d&#8217;una firma bacteriana en una mostra de femta.<\/h3>\n<h4>Situaci\u00f3 actual: problemes i necessitats<\/h4>\n<ul>\n<li>Un 9,2% de la poblaci\u00f3 mundial pateix la S\u00edndrome de l&#8217;Intest\u00ed Irritable (SII), una patologia que es troba en el top 10 de les malalties m\u00e9s d\u00edficils de diagnosticar segons la llista de Fleming.<\/li>\n<li>No existeix un test diagn\u00f2stic en positiu de la SII, i actualment el seu diagn\u00f2stic consisteix en l&#8217;aplicaci\u00f3 dels criteris roma IV i la realitzaci\u00f3 d&#8217;una s\u00e8rie de proves per descartar altres malalties que puguin imitar la SII.<\/li>\n<li>La Malaltia Inflamat\u00f2ria Intestinal (MII), que afecta 50 milions de persones a tot el m\u00f3n, \u00e9s una de les malalties que poden imitar la SII i per al seu diagn\u00f2stic es requereix la realitzaci\u00f3 de proves invasives.<\/li>\n<li>S&#8217;estima que fins al 45% dels pacients esperen m\u00e9s d&#8217;1 any per al diagn\u00f2stic d&#8217;aquesta patologia, mentre que fins el 17% esperen m\u00e9s de 5 anys.<\/li>\n<\/ul>\n<p><strong><i class=\"fas fa-chevron-circle-right\" aria-hidden=\"true\"><\/i> Es requereixen proves no invasives per al diagn\u00f2stic en positiu de la SII<\/strong><\/p>\n<h4>La nostra proposta<\/h4>\n<p class=\"p1\">El RAID-Dx \u00e9s un sistema patentat no invasiu que ofereix un diagn\u00f2stic en positiu de la SII amb la determinaci\u00f3 de la signatura microbiol\u00f2gica de la malaltia en la mostra fecal. El test permet escur\u00e7ar el temps de diagn\u00f2stic i permet avan\u00e7ar l&#8217;acc\u00e9s al tractament adequat per al pacient. A m\u00e9s, tamb\u00e9 \u00e9s capa\u00e7 de diferenciar la SII de la MII sense necessitat de proves invasives.<\/p>\n<p class=\"p1\">La definici\u00f3 de la signatura microbiol\u00f2gica es basa en l&#8217;estudi de 111 bi\u00f2psies intestinals amb SII, MII i voluntaris sans, la comparaci\u00f3 de les quals ha perm\u00e8s identificar una signatura diferencial en pacients amb SII. La identificaci\u00f3 d&#8217;aquests microorganismes en la mucosa intestinal \u00e9s un punt clau, ja que aquesta \u00e9s m\u00e9s estable i resilient enfront de factors externs com la dieta. Aix\u00f2 ens permet evitar variacions en la determinaci\u00f3 i abastar diferents poblacions amb h\u00e0bits diferents. Aquest primer estudi s&#8217;ha realitzat conjuntament amb la Universitat de Girona, l&#8217;Institut de Recerca Biom\u00e8dica de Girona (idIBGi) i l&#8217;Hospital Universitari de Girona Dr. Josep Trueta.<\/p>\n<p class=\"p2\">El seg\u00fcent pas per a oferir un test de diagn\u00f2stic no invasiu ha estat optimitzar i validar la detecci\u00f3 en femta d&#8217;aquesta firma microbiana definida a la mucosa intestinal. Per aix\u00f2, s&#8217;ha realitzat un estudi multic\u00e8ntric amb un total de 212 mostres fecals d&#8217;individus amb SII i MII diagnosticats d&#8217;acord amb els criteris actuals i confirmats amb una colonosc\u00f2pia i amb subjectes sans. Van participar hospitals de refer\u00e8ncia a nivell nacional i internacional: Hospital Universitari de Girona Dr. Josep Trueta, l&#8217;Institut d&#8217;Assist\u00e8ncia Sanit\u00e0ria (IAS), l&#8217;Hospital Universitari de Bellvitge, l&#8217;Hospital Universitari Germans Trias i Pujol, el Centre M\u00e8dic Teknon i el Beth Israel Deaconess Medical Center de Boston. Per a m\u00e9s informaci\u00f3, podeu consultar els resultats publicats de l&#8217;estudi aqu\u00ed (<a href=\"https:\/\/onlinelibrary.wiley.com\/doi\/full\/10.1002\/ygh2.417\" target=\"_blank\" rel=\"noopener\">Rami\u00f3-Pujol, et al. 2020).<\/a><\/p>\n<p class=\"p1\">Actualment, el RAID-Dx s&#8217;ofereix a pacients amb dolor abdominal recurrent i alteracions en la freq\u00fc\u00e8ncia i consist\u00e8ncia de les deposicions. Amb la nostra investigaci\u00f3 volem donar resposta a les mol\u00e8sties intestinals i millorar la qualitat de vida dels pacients.<\/p>\n\t\t\t\t\t\t\t\t<\/div>\n\t\t\t\t<\/div>\n\t\t\t\t\t<\/div>\n\t\t<\/div>\n\t\t\t\t\t<\/div>\n\t\t<\/section>\n\t\t\t\t<\/div>\n\t\t","protected":false},"excerpt":{"rendered":"<p>RAID-Dx pipeline In vitro Diagnostics. Irritable Bowel Syndrome Ideation Product Definition Product Optimitzation Product Validation Regulatory Testing Service Product Launch Product Maintenance Definici\u00f3 en bi\u00f2psies\u00a0intestinals 10 pacients amb SII56 pacients amb MII 31 subjectes sans Lopez-Siles M, et al. 2014 Optimitzaci\u00f3 i validaci\u00f3 en mostres de femta 80 pacients amb SII 58 pacients amb MII [&hellip;]<\/p>\n","protected":false},"author":1,"featured_media":0,"parent":6269,"menu_order":0,"comment_status":"closed","ping_status":"closed","template":"elementor_header_footer","meta":{"_acf_changed":false,"footnotes":""},"class_list":["post-6604","page","type-page","status-publish","hentry"],"acf":[],"_links":{"self":[{"href":"https:\/\/goodgut.eu\/ca\/wp-json\/wp\/v2\/pages\/6604","targetHints":{"allow":["GET"]}}],"collection":[{"href":"https:\/\/goodgut.eu\/ca\/wp-json\/wp\/v2\/pages"}],"about":[{"href":"https:\/\/goodgut.eu\/ca\/wp-json\/wp\/v2\/types\/page"}],"author":[{"embeddable":true,"href":"https:\/\/goodgut.eu\/ca\/wp-json\/wp\/v2\/users\/1"}],"replies":[{"embeddable":true,"href":"https:\/\/goodgut.eu\/ca\/wp-json\/wp\/v2\/comments?post=6604"}],"version-history":[{"count":0,"href":"https:\/\/goodgut.eu\/ca\/wp-json\/wp\/v2\/pages\/6604\/revisions"}],"up":[{"embeddable":true,"href":"https:\/\/goodgut.eu\/ca\/wp-json\/wp\/v2\/pages\/6269"}],"wp:attachment":[{"href":"https:\/\/goodgut.eu\/ca\/wp-json\/wp\/v2\/media?parent=6604"}],"curies":[{"name":"wp","href":"https:\/\/api.w.org\/{rel}","templated":true}]}}