{"id":6600,"date":"2021-08-17T13:19:56","date_gmt":"2021-08-17T12:19:56","guid":{"rendered":"https:\/\/goodgut.eu\/pipeline\/previpect-health-claim-pipeline\/"},"modified":"2021-08-17T13:19:57","modified_gmt":"2021-08-17T12:19:57","slug":"previpect-health-claim-pipeline","status":"publish","type":"page","link":"https:\/\/goodgut.eu\/ca\/pipeline\/previpect-health-claim-pipeline\/","title":{"rendered":"PREVIPECT Health claim pipeline"},"content":{"rendered":"\t\t<div data-elementor-type=\"wp-page\" data-elementor-id=\"6600\" class=\"elementor elementor-6600 elementor-2246\" data-elementor-post-type=\"page\">\n\t\t\t\t\t\t<section class=\"elementor-section elementor-top-section elementor-element elementor-element-7fddd4e pipeline elementor-section-boxed elementor-section-height-default elementor-section-height-default\" data-id=\"7fddd4e\" data-element_type=\"section\" data-e-type=\"section\" data-settings=\"{&quot;background_background&quot;:&quot;classic&quot;}\">\n\t\t\t\t\t\t\t<div class=\"elementor-background-overlay\"><\/div>\n\t\t\t\t\t\t\t<div class=\"elementor-container elementor-column-gap-extended\">\n\t\t\t\t\t<div class=\"elementor-column elementor-col-100 elementor-top-column elementor-element elementor-element-6041a81\" data-id=\"6041a81\" data-element_type=\"column\" data-e-type=\"column\">\n\t\t\t<div class=\"elementor-widget-wrap elementor-element-populated\">\n\t\t\t\t\t\t<div class=\"elementor-element elementor-element-4a6d2fd elementor-widget elementor-widget-text-editor\" data-id=\"4a6d2fd\" data-element_type=\"widget\" data-e-type=\"widget\" data-widget_type=\"text-editor.default\">\n\t\t\t\t<div class=\"elementor-widget-container\">\n\t\t\t\t\t\t\t\t\t<h1>PREVIPECT<\/h1>\n<h3>Health Claim. Digestive disorders<\/h3>\n\t\t\t\t\t\t\t\t<\/div>\n\t\t\t\t<\/div>\n\t\t\t\t\t<\/div>\n\t\t<\/div>\n\t\t\t\t\t<\/div>\n\t\t<\/section>\n\t\t\t\t<section class=\"elementor-section elementor-top-section elementor-element elementor-element-479cb7e elementor-section-boxed elementor-section-height-default elementor-section-height-default\" data-id=\"479cb7e\" data-element_type=\"section\" data-e-type=\"section\" data-settings=\"{&quot;background_background&quot;:&quot;classic&quot;}\">\n\t\t\t\t\t\t<div class=\"elementor-container elementor-column-gap-default\">\n\t\t\t\t\t<div class=\"elementor-column elementor-col-100 elementor-top-column elementor-element elementor-element-29c46c3\" data-id=\"29c46c3\" data-element_type=\"column\" data-e-type=\"column\">\n\t\t\t<div class=\"elementor-widget-wrap elementor-element-populated\">\n\t\t\t\t\t\t<section class=\"elementor-section elementor-inner-section elementor-element elementor-element-600f1a1 quadre-pipeline elementor-section-boxed elementor-section-height-default elementor-section-height-default\" data-id=\"600f1a1\" data-element_type=\"section\" data-e-type=\"section\">\n\t\t\t\t\t\t<div class=\"elementor-container elementor-column-gap-default\">\n\t\t\t\t\t<div class=\"elementor-column elementor-col-12 elementor-inner-column elementor-element elementor-element-e7366b5\" data-id=\"e7366b5\" data-element_type=\"column\" data-e-type=\"column\">\n\t\t\t<div class=\"elementor-widget-wrap elementor-element-populated\">\n\t\t\t\t\t\t<div class=\"elementor-element elementor-element-e07d4f9 elementor-widget elementor-widget-text-editor\" data-id=\"e07d4f9\" data-element_type=\"widget\" data-e-type=\"widget\" data-widget_type=\"text-editor.default\">\n\t\t\t\t<div class=\"elementor-widget-container\">\n\t\t\t\t\t\t\t\t\t<p>Discovery<\/p>\n\t\t\t\t\t\t\t\t<\/div>\n\t\t\t\t<\/div>\n\t\t\t\t\t<\/div>\n\t\t<\/div>\n\t\t\t\t<div class=\"elementor-column elementor-col-12 elementor-inner-column elementor-element elementor-element-70d389e\" data-id=\"70d389e\" data-element_type=\"column\" data-e-type=\"column\">\n\t\t\t<div class=\"elementor-widget-wrap elementor-element-populated\">\n\t\t\t\t\t\t<div class=\"elementor-element elementor-element-3807f58 elementor-widget elementor-widget-text-editor\" data-id=\"3807f58\" data-element_type=\"widget\" data-e-type=\"widget\" data-widget_type=\"text-editor.default\">\n\t\t\t\t<div class=\"elementor-widget-container\">\n\t\t\t\t\t\t\t\t\t<p>Pre-clinical<\/p>\n\t\t\t\t\t\t\t\t<\/div>\n\t\t\t\t<\/div>\n\t\t\t\t\t<\/div>\n\t\t<\/div>\n\t\t\t\t<div class=\"elementor-column elementor-col-12 elementor-inner-column elementor-element elementor-element-60fdcfe\" data-id=\"60fdcfe\" data-element_type=\"column\" data-e-type=\"column\">\n\t\t\t<div class=\"elementor-widget-wrap elementor-element-populated\">\n\t\t\t\t\t\t<div class=\"elementor-element elementor-element-581cd1e elementor-widget elementor-widget-text-editor\" data-id=\"581cd1e\" data-element_type=\"widget\" data-e-type=\"widget\" data-widget_type=\"text-editor.default\">\n\t\t\t\t<div class=\"elementor-widget-container\">\n\t\t\t\t\t\t\t\t\t<p>Characterization<\/p>\n\t\t\t\t\t\t\t\t<\/div>\n\t\t\t\t<\/div>\n\t\t\t\t\t<\/div>\n\t\t<\/div>\n\t\t\t\t<div class=\"elementor-column elementor-col-12 elementor-inner-column elementor-element elementor-element-5e10bff\" data-id=\"5e10bff\" data-element_type=\"column\" data-e-type=\"column\">\n\t\t\t<div class=\"elementor-widget-wrap elementor-element-populated\">\n\t\t\t\t\t\t<div class=\"elementor-element elementor-element-ea9d4dd elementor-widget elementor-widget-text-editor\" data-id=\"ea9d4dd\" data-element_type=\"widget\" data-e-type=\"widget\" data-widget_type=\"text-editor.default\">\n\t\t\t\t<div class=\"elementor-widget-container\">\n\t\t\t\t\t\t\t\t\t<p>Clinical trial<\/p>\n\t\t\t\t\t\t\t\t<\/div>\n\t\t\t\t<\/div>\n\t\t\t\t\t<\/div>\n\t\t<\/div>\n\t\t\t\t<div class=\"elementor-column elementor-col-12 elementor-inner-column elementor-element elementor-element-c1c8237\" data-id=\"c1c8237\" data-element_type=\"column\" data-e-type=\"column\">\n\t\t\t<div class=\"elementor-widget-wrap elementor-element-populated\">\n\t\t\t\t\t\t<div class=\"elementor-element elementor-element-774251b elementor-widget elementor-widget-text-editor\" data-id=\"774251b\" data-element_type=\"widget\" data-e-type=\"widget\" data-widget_type=\"text-editor.default\">\n\t\t\t\t<div class=\"elementor-widget-container\">\n\t\t\t\t\t\t\t\t\t<p>Regulatory approval<\/p>\n\t\t\t\t\t\t\t\t<\/div>\n\t\t\t\t<\/div>\n\t\t\t\t\t<\/div>\n\t\t<\/div>\n\t\t\t\t<div class=\"elementor-column elementor-col-12 elementor-inner-column elementor-element elementor-element-242738f\" data-id=\"242738f\" data-element_type=\"column\" data-e-type=\"column\">\n\t\t\t<div class=\"elementor-widget-wrap elementor-element-populated\">\n\t\t\t\t\t\t<div class=\"elementor-element elementor-element-f9c596c elementor-widget elementor-widget-text-editor\" data-id=\"f9c596c\" data-element_type=\"widget\" data-e-type=\"widget\" data-widget_type=\"text-editor.default\">\n\t\t\t\t<div class=\"elementor-widget-container\">\n\t\t\t\t\t\t\t\t\t<p>Manufacturing<\/p>\n\t\t\t\t\t\t\t\t<\/div>\n\t\t\t\t<\/div>\n\t\t\t\t\t<\/div>\n\t\t<\/div>\n\t\t\t\t<div class=\"elementor-column elementor-col-12 elementor-inner-column elementor-element elementor-element-317788a\" data-id=\"317788a\" data-element_type=\"column\" data-e-type=\"column\">\n\t\t\t<div class=\"elementor-widget-wrap elementor-element-populated\">\n\t\t\t\t\t\t<div class=\"elementor-element elementor-element-d31a63c elementor-widget elementor-widget-text-editor\" data-id=\"d31a63c\" data-element_type=\"widget\" data-e-type=\"widget\" data-widget_type=\"text-editor.default\">\n\t\t\t\t<div class=\"elementor-widget-container\">\n\t\t\t\t\t\t\t\t\t<p>Product Launch<\/p>\n\t\t\t\t\t\t\t\t<\/div>\n\t\t\t\t<\/div>\n\t\t\t\t\t<\/div>\n\t\t<\/div>\n\t\t\t\t<div class=\"elementor-column elementor-col-12 elementor-inner-column elementor-element elementor-element-ea1fa61\" data-id=\"ea1fa61\" data-element_type=\"column\" data-e-type=\"column\">\n\t\t\t<div class=\"elementor-widget-wrap elementor-element-populated\">\n\t\t\t\t\t\t<div class=\"elementor-element elementor-element-10a1a3d elementor-widget elementor-widget-text-editor\" data-id=\"10a1a3d\" data-element_type=\"widget\" data-e-type=\"widget\" data-widget_type=\"text-editor.default\">\n\t\t\t\t<div class=\"elementor-widget-container\">\n\t\t\t\t\t\t\t\t\t<p>Postmarketing<br \/>surveillance<\/p>\n\t\t\t\t\t\t\t\t<\/div>\n\t\t\t\t<\/div>\n\t\t\t\t\t<\/div>\n\t\t<\/div>\n\t\t\t\t\t<\/div>\n\t\t<\/section>\n\t\t\t\t<div class=\"elementor-element elementor-element-9fdc7f4 barra-pipeline previpect-health elementor-widget elementor-widget-global elementor-global-3068 elementor-widget-progress\" data-id=\"9fdc7f4\" data-element_type=\"widget\" data-e-type=\"widget\" data-widget_type=\"progress.default\">\n\t\t\t\t<div class=\"elementor-widget-container\">\n\t\t\t\t\t\n\t\t<div class=\"elementor-progress-wrapper\" role=\"progressbar\" aria-valuemin=\"0\" aria-valuemax=\"100\" aria-valuenow=\"30\">\n\t\t\t<div class=\"elementor-progress-bar\" data-max=\"30\">\n\t\t\t\t<span class=\"elementor-progress-text\"><\/span>\n\t\t\t\t\t\t\t<\/div>\n\t\t<\/div>\n\t\t\t\t\t\t<\/div>\n\t\t\t\t<\/div>\n\t\t\t\t\t<\/div>\n\t\t<\/div>\n\t\t\t\t\t<\/div>\n\t\t<\/section>\n\t\t\t\t<section class=\"elementor-section elementor-top-section elementor-element elementor-element-50b46f9 elementor-section-boxed elementor-section-height-default elementor-section-height-default\" data-id=\"50b46f9\" data-element_type=\"section\" data-e-type=\"section\">\n\t\t\t\t\t\t<div class=\"elementor-container elementor-column-gap-default\">\n\t\t\t\t\t<div class=\"elementor-column elementor-col-100 elementor-top-column elementor-element elementor-element-613e095\" data-id=\"613e095\" data-element_type=\"column\" data-e-type=\"column\">\n\t\t\t<div class=\"elementor-widget-wrap elementor-element-populated\">\n\t\t\t\t\t\t<div class=\"elementor-element elementor-element-f7fdf98 elementor-widget elementor-widget-text-editor\" data-id=\"f7fdf98\" data-element_type=\"widget\" data-e-type=\"widget\" data-widget_type=\"text-editor.default\">\n\t\t\t\t<div class=\"elementor-widget-container\">\n\t\t\t\t\t\t\t\t\t<h3>El PREVIPECT \u00e9s un nou prebi\u00f2tic desenvolupat per GoodGut com a complementari al tractament de la S\u00edndrome de l&#8217;Intest\u00ed Irritable (SII) i la Malaltia Inflamat\u00f2ria Intestinal (MII)<\/h3>\n<h4>Situaci\u00f3 actual: problemes i necessitats<\/h4>\n<ul>\n<li>Les malalties intestinals tenen una alta incid\u00e8ncia, aix\u00ed com un impacte cr\u00f2nic i sever en la vida dels pacients afectats.<\/li>\n<li class=\"li1\">El microbioma intestinal de pacients amb MII i SII difereix dels subjectes sans i mostra una disbiosi patol\u00f2gica.<\/li>\n<li>El tractament probi\u00f2tic per restaurar l&#8217;equilibri i millorar el curs de la malaltia funciona a curt termini per\u00f2 no aconsegueix restaurar la disbiosi a llarg termini<\/li>\n<\/ul>\n<p><i class=\"fas fa-chevron-circle-right\"><\/i> Es necessiten eines complement\u00e0ries al tractament capaces de restaurar l&#8217;equilibri intestinal a llarg termini en pacients amb malalties intestinals.<\/p>\n<h4>La nostra proposta<\/h4>\n<p class=\"p1\">El prebi\u00f2tic de GoodGut amb propietats beneficioses per a pacients amb MII i SII, \u00e9s una fibra no digerible que ha estat desenvolupada per a induir el creixement selectiu dels propis bacteris protectors i incrementa la seva activitat immunoprotectora com \u00e9s la producci\u00f3 d&#8217;\u00e0cids grassos vol\u00e0tils. A m\u00e9s, proporciona una s\u00e8rie d&#8217;avantatges en comparaci\u00f3 amb els probi\u00f2tics:<\/p>\n<ul>\n<li>Tractament m\u00e9s efica\u00e7<\/li>\n<li>No requereix refrigeraci\u00f3<\/li>\n<li>Balan\u00e7a la disbiosi i incrementa els bacteris protectors m\u00e9s anaer\u00f2bics<\/li>\n<\/ul>\n<div>\n<p>El PREVIPECT ha estat testat en un estudi pilot amb mostres de femta de 18 pacients amb MII, SII i subjectes sans, on es va estudiar l&#8217;efecte del prebi\u00f2tic en la microbiota fecal en col\u00b7laboraci\u00f3 amb l&#8217;Hospital Universitari de Girona Dr. Josep Trueta. A m\u00e9s, s&#8217;han completat les proves de toxicitat <i>In Vitro. <\/i>Per a m\u00e9s informaci\u00f3, podeu consultar els resultats publicats de l&#8217;estudi aqu\u00ed (<a href=\"https:\/\/www.frontiersin.org\/articles\/10.3389\/fmicb.2021.639948\/full\" target=\"_blank\" rel=\"noopener\">Oliver L. et al, 2021<\/a>).<\/p>\n<\/div>\n<p class=\"p1\">Per tal de validar els resultats observats en la prova pilot, i demostrar el benefici i el valor afegit del PREVIPECT en subjectes amb malalties intestinals com la MII o la SII, el seg\u00fcent pas \u00e9s realitzar assaigs cl\u00ednics amb les diferents poblacions diana. Amb aix\u00f2, planegem llan\u00e7ar el producte al mercat el 2022.<\/p>\n<p><img fetchpriority=\"high\" decoding=\"async\" class=\"alignnone wp-image-5442 size-large\" src=\"https:\/\/goodgut.eu\/wp-content\/uploads\/2021\/04\/infografia-pevipect-health-claim-1-1024x665.jpg\" alt=\"\" width=\"1024\" height=\"665\" srcset=\"https:\/\/goodgut.eu\/wp-content\/uploads\/2021\/04\/infografia-pevipect-health-claim-1-1024x665.jpg 1024w, https:\/\/goodgut.eu\/wp-content\/uploads\/2021\/04\/infografia-pevipect-health-claim-1-300x195.jpg 300w, https:\/\/goodgut.eu\/wp-content\/uploads\/2021\/04\/infografia-pevipect-health-claim-1-600x390.jpg 600w, https:\/\/goodgut.eu\/wp-content\/uploads\/2021\/04\/infografia-pevipect-health-claim-1-768x499.jpg 768w, https:\/\/goodgut.eu\/wp-content\/uploads\/2021\/04\/infografia-pevipect-health-claim-1.jpg 1266w\" sizes=\"(max-width: 1024px) 100vw, 1024px\" \/><\/p>\n\t\t\t\t\t\t\t\t<\/div>\n\t\t\t\t<\/div>\n\t\t\t\t\t<\/div>\n\t\t<\/div>\n\t\t\t\t\t<\/div>\n\t\t<\/section>\n\t\t\t\t<\/div>\n\t\t","protected":false},"excerpt":{"rendered":"<p>PREVIPECT Health Claim. Digestive disorders Discovery Pre-clinical Characterization Clinical trial Regulatory approval Manufacturing Product Launch Postmarketingsurveillance El PREVIPECT \u00e9s un nou prebi\u00f2tic desenvolupat per GoodGut com a complementari al tractament de la S\u00edndrome de l&#8217;Intest\u00ed Irritable (SII) i la Malaltia Inflamat\u00f2ria Intestinal (MII) Situaci\u00f3 actual: problemes i necessitats Les malalties intestinals tenen una alta incid\u00e8ncia, [&hellip;]<\/p>\n","protected":false},"author":1,"featured_media":0,"parent":6269,"menu_order":0,"comment_status":"closed","ping_status":"closed","template":"elementor_header_footer","meta":{"_acf_changed":false,"footnotes":""},"class_list":["post-6600","page","type-page","status-publish","hentry"],"acf":[],"_links":{"self":[{"href":"https:\/\/goodgut.eu\/ca\/wp-json\/wp\/v2\/pages\/6600","targetHints":{"allow":["GET"]}}],"collection":[{"href":"https:\/\/goodgut.eu\/ca\/wp-json\/wp\/v2\/pages"}],"about":[{"href":"https:\/\/goodgut.eu\/ca\/wp-json\/wp\/v2\/types\/page"}],"author":[{"embeddable":true,"href":"https:\/\/goodgut.eu\/ca\/wp-json\/wp\/v2\/users\/1"}],"replies":[{"embeddable":true,"href":"https:\/\/goodgut.eu\/ca\/wp-json\/wp\/v2\/comments?post=6600"}],"version-history":[{"count":0,"href":"https:\/\/goodgut.eu\/ca\/wp-json\/wp\/v2\/pages\/6600\/revisions"}],"up":[{"embeddable":true,"href":"https:\/\/goodgut.eu\/ca\/wp-json\/wp\/v2\/pages\/6269"}],"wp:attachment":[{"href":"https:\/\/goodgut.eu\/ca\/wp-json\/wp\/v2\/media?parent=6600"}],"curies":[{"name":"wp","href":"https:\/\/api.w.org\/{rel}","templated":true}]}}