{"id":2675,"date":"2021-03-21T16:01:20","date_gmt":"2021-03-21T15:01:20","guid":{"rendered":"https:\/\/goodgut.eu\/web2021\/avis-legal\/"},"modified":"2025-05-06T08:27:15","modified_gmt":"2025-05-06T07:27:15","slug":"avis-legal","status":"publish","type":"page","link":"https:\/\/goodgut.eu\/ca\/avis-legal\/","title":{"rendered":"Av\u00eds legal"},"content":{"rendered":"\t\t<div data-elementor-type=\"wp-page\" data-elementor-id=\"2675\" class=\"elementor elementor-2675 elementor-2615\" data-elementor-post-type=\"page\">\n\t\t\t\t\t\t<section class=\"elementor-section elementor-top-section elementor-element elementor-element-4a1e4f38 elementor-section-boxed elementor-section-height-default elementor-section-height-default\" data-id=\"4a1e4f38\" data-element_type=\"section\" data-e-type=\"section\">\n\t\t\t\t\t\t<div class=\"elementor-container elementor-column-gap-default\">\n\t\t\t\t\t<div class=\"elementor-column elementor-col-100 elementor-top-column elementor-element elementor-element-22300054\" data-id=\"22300054\" data-element_type=\"column\" data-e-type=\"column\">\n\t\t\t<div class=\"elementor-widget-wrap elementor-element-populated\">\n\t\t\t\t\t\t<div class=\"elementor-element elementor-element-6aa5e120 elementor-widget elementor-widget-text-editor\" data-id=\"6aa5e120\" data-element_type=\"widget\" data-e-type=\"widget\" data-widget_type=\"text-editor.default\">\n\t\t\t\t<div class=\"elementor-widget-container\">\n\t\t\t\t\t\t\t\t\t<h2><strong>Informaci\u00f3 legal<\/strong><\/h2><br>En compliment amb el deure d\u2019informaci\u00f3 recollit a 10 de la Llei 34\/2002, d\u201911 de Juliol, de Serveis de la Societat de la informaci\u00f3 i del Comer\u00e7 Electr\u00f2nic, l\u2019informem que el contingut d\u2019aquesta p\u00e0gina web https:\/\/goodgut.eu\/ (en endavant, la \u201cWeb\u201d) pertany a GOODGUT, S.L.U., companyia registrada al Registre Mercantil de Girona TOM 2982, FOLI 164, SECCI\u00d3N 8, FULL GI 56511 amb domicili social registrat a Parc Cient\u00edfic i Tecnol\u00f2gic UdG (Edificio Centro de Empresas), calle Pic de Peguera, 11 de Girona i amb CIF n\u00ba B55206916 .<br><h3><b>Acceptaci\u00f3 de l\u2019usuari<\/b><\/h3><br>Aquest Av\u00eds Legal regula l\u2019acc\u00e9s i utilitzaci\u00f3 de la seg\u00fcent p\u00e0gina web https:\/\/goodgut.eu\/. L\u2019\u2019acc\u00e9s a la web implica l\u2019adquisici\u00f3 de la condici\u00f3 d\u2019usuari i amb ella, l\u2019acceptaci\u00f3 de les condicions d\u2019\u00fas de la web. En cas de desacord amb les condicions ha d\u2019abstenir-se de l\u2019\u00fas del lloc web.<br><br>La visita a la p\u00e0gina web per part de l&#8217;usuari haur\u00e0 de fer-se de manera responsable i de conformitat a la legalitat vigent, la bona fe, el present Av\u00eds Legal i respectant els drets de propietat intel\u00b7lectual i industrial titularitat de GOODGUT S.L.U.<br><br>L&#8217;\u00fas de qualsevol dels continguts de la p\u00e0gina web amb finalitats que siguin o poguessin ser il\u00b7l\u00edcites queda totalment prohibit, aix\u00ed com la realitzaci\u00f3 de qualsevol acci\u00f3 que causi o pugui causar danys o alteracions de qualsevol tipus no consentides per GOODGUT S.L.U., a la web o als seus continguts.<br><br>El titular de la web no s&#8217;identifica amb les opinions abocades en el mateix pels seus col\u00b7laboradors. L&#8217;empresa es reserva el dret d&#8217;efectuar sense previ av\u00eds les modificacions que consideri oportunes en el seu web, podent canviar, suprimir o afegir tant els continguts i serveis que es prestin a trav\u00e9s de la mateixa com la forma en la qual aquests apareguin presentats o localitzats en els seus servidors.<br><h3><b>Drets de Propietat Intel\u00b7lectual i Industrial<\/b><\/h3><br>GOODGUT S.L.U., \u00e9s el titular en exclusiva dels drets relatius a la seva p\u00e0gina web i les seves xarxes socials, per aix\u00f2, tots els continguts, el disseny gr\u00e0fic i els codis que formen part de www.goodgut.eu s\u00f3n de titularitat exclusiva de GOODGUT S.L.U. Queda prohibida la seva reproducci\u00f3, distribuci\u00f3, comunicaci\u00f3 p\u00fablica, transformaci\u00f3 o qualsevol altra activitat que es realitzi amb els continguts, ni tan sols encara que se citin les fonts, tret que es compti amb el consentiment previ, expr\u00e9s i per escrit de GOODGUT S.L.U. Qualsevol \u00fas d&#8217;aquests continguts no autoritzat pr\u00e8viament per part de GOODGUT S.L.U. ser\u00e0 considerat un incompliment greu dels drets de propietat intel\u00b7lectual o industrial i donar\u00e0 lloc a les responsabilitats legalment establertes. GOODGUT S.L.U. es reserva el dret d&#8217;exercitar enfront de l&#8217;usuari les accions judicials i extrajudicials que corresponguin.<br><br>GOODGUT S.L.U. no concedeix cap autoritzaci\u00f3 d&#8217;\u00fas de cap classe sobre els seus drets de propietat intel\u00b7lectual i industrial o sobre qualsevol altra propietat o dret relacionat amb la web, i en cap cas s&#8217;entendr\u00e0 que l&#8217;acc\u00e9s i navegaci\u00f3 dels usuaris implica una ren\u00fancia, transmissi\u00f3, llic\u00e8ncia o cessi\u00f3 total ni parcial d&#8217;aquests drets per part de GOODGUT S.L.U.<br><h3><b>Responsabilitats i garanties <\/b><\/h3><br>GOODGUT S.L.U. declara que ha adoptat les mesures necess\u00e0ries que, dins de les seves possibilitats i l\u2019estat de la tecnolog\u00eda, permeten el correcte funcionament de la web aix\u00ed com l\u2019absencia de virus i components danyins. No obstant aix\u00f2, GOODGUT S.L.U. no pot fer-se responsable de les seg\u00fcents situacions que s\u2019enumeren a t\u00edtol enunciatiu, per\u00f2 no limitatiu:<br><ul class=\"ul1\">\r\n \t<li><span class=\"s1\">La continu\u00eftat i disponibilitat dels continguts.<\/span><\/li>\r\n \t<li><span class=\"s1\">L&#8217;abs\u00e8ncia d&#8217;errors en aquests continguts ni la correcci\u00f3 de qualsevol defecte que pogu\u00e9s oc\u00f3rrer.<\/span><\/li>\r\n \t<li><span class=\"s1\">L&#8217;abs\u00e8ncia de virus i\/o altres components nocius.<\/span><\/li>\r\n \t<li><span class=\"s1\">Els danys o perjudicis que causi qualsevol persona que vulneri els sistemes de seguretat de GOODGUT S.L.U.<\/span><\/li>\r\n \t<li><span class=\"s1\">L&#8217;\u00fas que els usuaris puguin fer dels continguts inclosos en el web. En conseq\u00fc\u00e8ncia, GOODGUT S.L.U. no garanteix que l&#8217;\u00fas que els usuaris puguin fer dels continguts que en el seu cas s&#8217;incloguin en el lloc web, s&#8217;ajustin al present av\u00eds legal, ni que l&#8217;\u00fas del lloc web es realitzi de manera diligent.<\/span><\/li>\r\n \t<li><span class=\"s1\">L&#8217;\u00fas per menors d&#8217;edat del lloc web o de l&#8217;enviament de les seves dades personals sense el perm\u00eds dels seus tutors, sent els tutors responsables de l&#8217;\u00fas que facin d&#8217;Internet.<\/span><\/li>\r\n \t<li><span class=\"s1\">Els continguts als quals l&#8217;usuari pugui accedir a trav\u00e9s d&#8217;enlla\u00e7os no autoritzats o introdu\u00efts per usuaris mitjan\u00e7ant comentaris o eines similars.<\/span><\/li>\r\n \t<li><span class=\"s1\">La introducci\u00f3 de dades err\u00f2nies per part de l&#8217;usuari o d&#8217;un tercer.<\/span><\/li>\r\n \t<li><span class=\"s1\">Contingut i uso Propietat intel\u00b7lectual i industrial.<\/span><\/li>\r\n<\/ul><br>GOODGUT S.L.U. podr\u00e0 suspendre temporalment i sense previ av\u00eds, l\u2019accessibilitat a la web amb motiu d\u2019operacions de manteniment, reparaci\u00f3n, actualitzaci\u00f3 o millora. En conseq\u00fcencia, GOODGUT S.L.U. no ser\u00e1, en cap cas, responsable per qualsevol dany o perjudici que puguin derivar-se de la falta de disponibilitat o accessibilitat al lloc web o de la interrupci\u00f3 en el funcionament del lloc web. No obstant, sempre que les circumst\u00e0ncies ho permetin, GOODGUT S.L.U., comunicar\u00e0 a l\u2019usuari, amb antel\u00b7laci\u00f3 suficiente, la data prevista per la suspensi\u00f3 dels continguts.<br><br>Aix\u00ed mateix, de conformitat amb els arts. 11 i 16 de la Llei 34\/2002, de 11 de juliol, de serveis de la societat de la informaci\u00f3 i de comer\u00e7 electr\u00f2nic (LSSICE), GOODGUT S.L.U., es compromet a l\u2019eliminaci\u00f3 o, en el seu cas, bloqueig dels continguts que puguessin afectar o ser contraris a la legislaci\u00f3n vigente, els drets de tercers o la moral i ordre p\u00fablic.<br><h3><b>Cl\u00e0usula de protecci\u00f3 de dades<\/b><\/h3><br><p class=\"\" data-start=\"57\" data-end=\"362\">De conformitat amb el que s&#8217;estableix en la normativa vigent en mat\u00e8ria de Protecci\u00f3 de Dades de Car\u00e0cter Personal, s\u2019informa els usuaris que les seves dades seran incorporades al Registre d\u2019Activitats de Tractament titularitat de GOODGUT, S.L.U., amb la finalitat de poder dur a terme els serveis contractats.<\/p><br><p class=\"\" data-start=\"364\" data-end=\"646\">En compliment de la normativa vigent, GOODGUT, S.L.U. informa que les dades seran conservades durant el termini estrictament necessari per complir amb la finalitat de la seva recollida, aix\u00ed com per al compliment de les obligacions legals que es derivin del tractament de les dades.<\/p><br><p class=\"\" data-start=\"648\" data-end=\"1510\">Aix\u00ed mateix, les dades cl\u00edniques resultants de l\u2019an\u00e0lisi dels tests poden ser conservades durant un per\u00edode de temps superior amb la finalitat de realitzar una an\u00e0lisi de dades, mantenint la confidencialitat requerida per la Llei 14\/2007 d\u2019Investigaci\u00f3 Biom\u00e8dica i essent \u00fanicament identificables mitjan\u00e7ant un codi. Per a aix\u00f2, s\u2019anonimitzen els resultats de les an\u00e0lisis dels tests (de manera que no es puguin identificar). Utilitzem la informaci\u00f3 anonimitzada per a finalitats que inclouen estudis de funcionalitat i efici\u00e8ncia, aix\u00ed com per a la validaci\u00f3 de nous equips per optimitzar els nostres procediments d\u2019an\u00e0lisi. Les dades d\u2019\u00fas solen conservar-se durant un per\u00edode de temps m\u00e9s curt, excepte quan s\u2019utilitzen per refor\u00e7ar la seguretat o millorar la funcionalitat del nostre servei, o quan estiguem obligats per llei a conservar-les durant m\u00e9s temps.<\/p><br><p class=\"\" data-start=\"1512\" data-end=\"1837\">Les dades es tractaran de manera l\u00edcita, lleial, transparent, adequada, pertinent, limitada, exacta i actualitzada. \u00c9s per aix\u00f2 que GOODGUT, S.L.U. es compromet a adoptar totes les mesures t\u00e8cniques i de seguretat raonables perqu\u00e8 aquestes siguin suprimides o rectificades sense dilaci\u00f3 quan siguin inexactes o no ver\u00eddiques.<\/p><br><p class=\"\" data-start=\"1839\" data-end=\"2195\">D\u2019acord amb la normativa en protecci\u00f3 de dades, podreu exercir els drets d\u2019acc\u00e9s, rectificaci\u00f3, limitaci\u00f3 del tractament, supressi\u00f3, portabilitat i oposici\u00f3 al tractament de les vostres dades de car\u00e0cter personal, aix\u00ed com revocar el consentiment prestat per al seu tractament. La petici\u00f3 s\u2019haur\u00e0 d\u2019adre\u00e7ar al seg\u00fcent correu electr\u00f2nic: <a class=\"cursor-pointer\" rel=\"noopener\" data-start=\"2176\" data-end=\"2194\">privacy@goodgut.eu<\/a>.<\/p><br><br><h3><b>Pol\u00edtica d\u2019enlla\u00e7os<\/b><\/h3><br>El nostre servei pot contenir enlla\u00e7os a altres llocs que no gestionem nosaltres. Si vost\u00e8 fa clic en un enlla\u00e7 de tercers, se li dirigir\u00e0 al lloc web d&#8217;aquesta tercera part. Li recomanem encaridament que revisi la pol\u00edtica de privacitat de cada lloc web que visiti. No tenim control ni assumim cap responsabilitat pel contingut, pol\u00edtica de privacitat o pr\u00e0ctiques dels llocs web o serveis de tercers.<br><br>GOODGUT S.L.U. tampoc controla el contingut d&#8217;altres llocs des dels quals es pugui accedir a aquest lloc web i es reserva la possibilitat de contactar amb el propietari del lloc web en el qual s&#8217;estableixi l&#8217;enlla\u00e7 si considera que s&#8217;incompleix la normativa, aix\u00ed com d&#8217;exercitar les corresponents accions judicials i extrajudicials.<br><h3><b>Reserva del dret a modificar el present av\u00eds legal <\/b><\/h3><br>GOODGUT S.L.U. es reserva el dret a modificar el present av\u00eds legal per a adaptar-lo a qualsevol canvi o novetat normativa, per motius t\u00e8cnics, per canvis en els serveis oferts per GOODGUT S.L.U. o per decisions estrat\u00e8giques de la companyia.<br><h3><b>Legislaci\u00f3 aplicable<\/b><\/h3><br>Aquestes condicions es regiran i interpretaran de conformitat amb les lleis d\u2019Espanya.\t\t\t\t\t\t\t\t<\/div>\n\t\t\t\t<\/div>\n\t\t\t\t\t<\/div>\n\t\t<\/div>\n\t\t\t\t\t<\/div>\n\t\t<\/section>\n\t\t\t\t<\/div>\n\t\t","protected":false},"excerpt":{"rendered":"<p>Informaci\u00f3 legal En compliment amb el deure d\u2019informaci\u00f3 recollit a 10 de la Llei 34\/2002, d\u201911 de Juliol, de Serveis de la Societat de la informaci\u00f3 i del Comer\u00e7 Electr\u00f2nic, l\u2019informem que el contingut d\u2019aquesta p\u00e0gina web https:\/\/goodgut.eu\/ (en endavant, la \u201cWeb\u201d) pertany a GOODGUT, S.L.U., companyia registrada al Registre Mercantil de Girona TOM 2982, [&hellip;]<\/p>\n","protected":false},"author":1,"featured_media":0,"parent":0,"menu_order":0,"comment_status":"closed","ping_status":"closed","template":"","meta":{"_acf_changed":false,"footnotes":""},"class_list":["post-2675","page","type-page","status-publish","hentry"],"acf":[],"_links":{"self":[{"href":"https:\/\/goodgut.eu\/ca\/wp-json\/wp\/v2\/pages\/2675","targetHints":{"allow":["GET"]}}],"collection":[{"href":"https:\/\/goodgut.eu\/ca\/wp-json\/wp\/v2\/pages"}],"about":[{"href":"https:\/\/goodgut.eu\/ca\/wp-json\/wp\/v2\/types\/page"}],"author":[{"embeddable":true,"href":"https:\/\/goodgut.eu\/ca\/wp-json\/wp\/v2\/users\/1"}],"replies":[{"embeddable":true,"href":"https:\/\/goodgut.eu\/ca\/wp-json\/wp\/v2\/comments?post=2675"}],"version-history":[{"count":2,"href":"https:\/\/goodgut.eu\/ca\/wp-json\/wp\/v2\/pages\/2675\/revisions"}],"predecessor-version":[{"id":11632,"href":"https:\/\/goodgut.eu\/ca\/wp-json\/wp\/v2\/pages\/2675\/revisions\/11632"}],"wp:attachment":[{"href":"https:\/\/goodgut.eu\/ca\/wp-json\/wp\/v2\/media?parent=2675"}],"curies":[{"name":"wp","href":"https:\/\/api.w.org\/{rel}","templated":true}]}}