{"id":2668,"date":"2021-03-21T15:52:07","date_gmt":"2021-03-21T14:52:07","guid":{"rendered":"https:\/\/goodgut.eu\/web2021\/politica-de-privacitat\/"},"modified":"2025-07-30T17:23:21","modified_gmt":"2025-07-30T16:23:21","slug":"politica-de-privacitat","status":"publish","type":"page","link":"https:\/\/goodgut.eu\/ca\/politica-de-privacitat\/","title":{"rendered":"Pol\u00edtica de privacitat"},"content":{"rendered":"<p><strong>A continuaci\u00f3 li exposem els criteris que aplica GOODGUT S.L.U., empresa part del Grup HIPRA, respecte a la recopilaci\u00f3 i tractament de les dades de car\u00e0cter personal que recollim quan navega pel Lloc web o que volunt\u00e0riament decideix facilitar-nos.<\/strong><\/p>\n<p>En utilitzar el Lloc web, les Aplicacions, altres recursos en l\u00ednia i\/o en comunicar-se electr\u00f2nicament amb GOODGUT, \u00e9s possible que es recullin i tractin les dades personals de cada usuari. El tractament d&#8217;aquestes dades personals es regir\u00e0 per aquesta Pol\u00edtica de Privacitat i per la legislaci\u00f3 aplicable.<\/p>\n<p><strong>RESPONSABLE DEL TRACTAMENT DE DADES<\/strong><br \/>\nEl Responsable del tractament \u00e9s GOODGUT S.L.U.<br \/>\nNIF B-55.206.916<br \/>\nDomicili social a Parc Cient\u00edfic i Tecnol\u00f2gic UdG (Edifici Centre d\u2019Empreses) \u2013 C\/ Pic de Peguera, 11-17003 Girona, Espanya.<br \/>\nTel\u00e8fon: +34 972 18 32 20<br \/>\nInscrita al Registre Mercantil de Girona full GI-56.511, tom 2982, foli 162.<\/p>\n<p><strong>FINALITAT DEL TRACTAMENT<\/strong><br \/>\nLi informem que utilitzarem les seves dades per a les seg\u00fcents finalitats: (i) gestionar la relaci\u00f3 comercial i\/o contractual amb GOODGUT; (ii) proporcionar-li informaci\u00f3 d&#8217;inter\u00e8s d&#8217;acord amb el consentiment prestat o amb l&#8217;inter\u00e8s leg\u00edtim de GOODGUT; (iii) utilitzar la seva informaci\u00f3 com a punt de contacte de GOODGUT; (iv) l&#8217;enviament d&#8217;informaci\u00f3, formaci\u00f3 o esdeveniments en l&#8217;\u00e0mbit d&#8217;activitats professionals pr\u00f2pies de GOODGUT; (v) respondre les consultes o q\u00fcestions que pugui enviar a trav\u00e9s del Lloc web, altres recursos en l\u00ednia o altres aplicacions; i (vi) complir amb les nostres obligacions legals en mat\u00e8ria de productes sanitaris In Vitro: monitoritzar la seguretat dels productes i serveis de GOODGUT, el que inclou detectar, avaluar i prevenir esdeveniments adversos o incidents greus i no greus i informar-ne a les autoritats sanit\u00e0ries i a l&#8217;Organisme Notificat corresponent.<\/p>\n<p><strong>LEGITIMACI\u00d3<\/strong><br \/>\nLa legitimaci\u00f3 per al tractament \u00e9s l&#8217;inter\u00e8s leg\u00edtim de GOODGUT per mantenir la relaci\u00f3 existent amb l&#8217;usuari i\/o, si s\u2019escau, el seu consentiment. A m\u00e9s, es podran tractar dades personals per al compliment d&#8217;obligacions legals per la vigil\u00e0ncia de productes sanitaris. Per tant, GOODGUT recollir\u00e0 i tractar\u00e0 les seves dades mentre la relaci\u00f3 sigui vigent i sempre que l&#8217;usuari no retiri el consentiment prestat per al tractament de les seves dades. Vost\u00e8 t\u00e9 dret a retirar el seu consentiment en qualsevol moment seguint el procediment establert en l&#8217;apartat DRETS, sense que aix\u00f2 afecti la licitud del tractament basat en el consentiment previ a la seva retirada.<br \/>\nSi ens informa sobre esdeveniments adversos, incidents o altres problemes relacionats amb la seguretat o la qualitat dels productes de GOODGUT, estarem legalment obligats a processar la seva comunicaci\u00f3 i \u00e9s possible que h\u00e0gim de comunicar-nos amb vost\u00e8 per a finalitats d\u2019aclariment. Posteriorment, \u00e9s possible que h\u00e0gim de notificar a les autoritats sanit\u00e0ries competents sobre els problemes que vost\u00e8 hagi informat. En aquest context, la seva informaci\u00f3 s\u2019enviar\u00e0 de forma pseudonimitzada, \u00e9s a dir, no es transmetr\u00e0 cap informaci\u00f3 a trav\u00e9s de la qual pugui ser identificat directament. Tamb\u00e9 \u00e9s possible que haguem de proporcionar aquesta informaci\u00f3 a companyies pertanyents al nostre grup i als nostres socis de cooperaci\u00f3, en la mesura en qu\u00e8 estiguin igualment obligats per a complir amb les obligacions legals.<br \/>\nLes dades personals seran conservades durant el temps estrictament necessari per a la consecuci\u00f3 dels objectius per a les que es van obtenir, excepte que la legislaci\u00f3 aplicable requereixi la seva conservaci\u00f3 durant m\u00e9s temps d\u2019acord amb l\u2019establert a l\u2019art. 5.1 GRPD.<\/p>\n<p><strong>UTILITZACI\u00d3 PER PART DE MENORS<\/strong><br \/>\nAquest Lloc web no es dirigeix a persones que tinguin menys de 18 anys, pel que no es tractaran dades personals de menors de manera conscient. Si vost\u00e8 \u00e9s menor de 18 anys o menor de l\u2019edat d\u2019acord amb les lleis del seu pa\u00eds d\u2019origen, necessitar\u00e0 perm\u00eds dels seus progenitors o tutors legals per a poder utilitzar el Lloc web. Si arriben a la nostra atenci\u00f3 dades personals de menors de 18 anys sense el consentiment requerit, GOODGUT els eliminar\u00e0 de manera immediata pr\u00e8via notificaci\u00f3 de sol\u00b7licitud a l\u2019efecte.<br \/>\nCom a excepci\u00f3, en casos de notificaci\u00f3 d\u2019esdeveniments adversos, a efectes de compliment de la normativa sobre vigil\u00e0ncia, es podran tractar dades de menors de 18 anys encara que no es disposi del consentiment dels seus progenitors o tutors legals.<\/p>\n<p><strong>TRANSFER\u00c8NCIA DE DADES<\/strong><br \/>\nGOODGUT, com a part del Grup HIPRA, grup d&#8217;empreses amb pres\u00e8ncia internacional, podr\u00e0 comunicar i intercanviar les dades dels usuaris amb les empreses pertanyents al Grup HIPRA que es detallen al web (hipra.com) per a les mateixes finalitats abans indicades. En tot cas, les seves dades seran tractades amb un nivell de protecci\u00f3 segons la normativa aplicable.<br \/>\nTanmateix, GOODGUT podr\u00e0 transferir les dades personals: (i) a prove\u00efdors de serveis subcontractats per prestar serveis (per exemple: allotjament web, an\u00e0lisi de dades, subministrament de tecnologies de la informaci\u00f3 i infraestructura relacionada, atenci\u00f3 al client, enviament de correus electr\u00f2nics, auditoria i altres serveis); (ii) a d\u2019altres empreses amb les que col\u00b7laborem en relaci\u00f3 amb productes o serveis concrets; i (iii) per complir amb les lleis aplicables i sol\u00b7licituds d\u2019autoritats p\u00fabliques.<\/p>\n<p><strong>RECOPILACI\u00d3 AUTOM\u00c0TICA D&#8217;INFORMACI\u00d3<\/strong><br \/>\nMentre navega pel Lloc web es pot recollir certa informaci\u00f3 de forma autom\u00e0tica. Per a m\u00e9s informaci\u00f3 sobre les cookies emprades en el Lloc web pot accedir a la nostra Pol\u00edtica de Cookies.<\/p>\n<p>Usuaris EEE i UK:<br \/>\n<strong>TRANSFER\u00c8NCIES TRANSFRONTERERES DE DADES<\/strong><br \/>\nLes dades recopilades a trav\u00e9s del Lloc web, Aplicacions, comunicacions i altres recursos en l\u00ednia poden ser tractats en qualsevol pa\u00eds on GOODGUT compti amb instal\u00b7lacions, filials o prove\u00efdors de serveis. \u00c9s possible que alguns d\u2019aquests pa\u00efsos no comptin amb el mateix nivell de protecci\u00f3 que els pa\u00efsos de l\u2019Espai Econ\u00f2mic Europeu (EEE), pel que GOODGUT s\u2019assegurar\u00e0 de prendre les mesures oportunes per protegir les dades personals d\u2019acord amb aquesta Pol\u00edtica de Privacitat i d\u2019acord amb el perm\u00e8s per les lleis aplicables en mat\u00e8ria de protecci\u00f3 de dades. En casos de transfer\u00e8ncies des del EEE a pa\u00efsos considerats no adequats per la Comissi\u00f3 Europea, GOODGUT prendr\u00e0 les mesures adequades per a la protecci\u00f3 de les dades personals, incloent la garantia que el receptor estar\u00e0 vinculat per cl\u00e0usules contractuals tipus de la UE.<\/p>\n<p><strong>DRETS<\/strong><br \/>\nLi informem que els usuaris tenen dret a exercir en tot moment, en els termes establerts per la legislaci\u00f3 vigent, els drets d&#8217;acc\u00e9s, rectificaci\u00f3, oposici\u00f3 o supressi\u00f3 de dades, aix\u00ed com a sol\u00b7licitar que es limiti el tractament de les seves dades, a sol\u00b7licitar la portabilitat de les seves dades, aix\u00ed com a revocar el consentiment prestat en qualsevol moment i a no ser objecte de decisions individuals automatitzades.<br \/>\nSi desitja exercir qualsevol dels seus drets, pot enviar una comunicaci\u00f3 escrita a la seg\u00fcent adre\u00e7a: Parc Cient\u00edfic i Tecnol\u00f2gic UdG (Edifici Centre d\u2019Empreses) \u2013 C\/ Pic de Peguera, 11-17003 Girona, Espanya, o a l\u2019adre\u00e7a de correu electr\u00f2nic privacy@goodgut.eu, sense perjudici de dirigir-se tamb\u00e9 a l\u2019autoritat local o nacional competent en mat\u00e8ria de Protecci\u00f3 de Dades, en Espanya, l\u2019Ag\u00e8ncia Espanyola de Protecci\u00f3 de Dades (www.agpd.es).<\/p>\n<p><strong>ACTUALITZACI\u00d3 DE DADES<\/strong><br \/>\n\u00c9s important que per tal que puguem mantenir les dades personals actualitzades, vost\u00e8 com a usuari ens informi sempre que hagi hagut alguna modificaci\u00f3 en elles, en cas contrari, no responem de la veracitat de les mateixes.<br \/>\nVost\u00e8 com a usuari garanteix que les dades personals facilitades s\u00f3n veraces garantint que tota la informaci\u00f3 facilitada correspon amb la situaci\u00f3 real, que est\u00e0 actualitzada i \u00e9s exacta, quedant obligat a comunicar qualsevol modificaci\u00f3.<\/p>\n<p>GOODGUT queda exonerada de qualsevol p\u00e8rdua o dany causat per la comunicaci\u00f3 de dades err\u00f2nies, inexactes o incompletes.<\/p>\n<p>Darrera actualitzaci\u00f3: octubre de 2024<\/p>\n","protected":false},"excerpt":{"rendered":"<p>A continuaci\u00f3 li exposem els criteris que aplica GOODGUT S.L.U., empresa part del Grup HIPRA, respecte a la recopilaci\u00f3 i tractament de les dades de car\u00e0cter personal que recollim quan navega pel Lloc web o que volunt\u00e0riament decideix facilitar-nos. En utilitzar el Lloc web, les Aplicacions, altres recursos en l\u00ednia i\/o en comunicar-se electr\u00f2nicament amb [&hellip;]<\/p>\n","protected":false},"author":1,"featured_media":0,"parent":0,"menu_order":0,"comment_status":"closed","ping_status":"closed","template":"","meta":{"_acf_changed":false,"footnotes":""},"class_list":["post-2668","page","type-page","status-publish","hentry"],"acf":[],"_links":{"self":[{"href":"https:\/\/goodgut.eu\/ca\/wp-json\/wp\/v2\/pages\/2668","targetHints":{"allow":["GET"]}}],"collection":[{"href":"https:\/\/goodgut.eu\/ca\/wp-json\/wp\/v2\/pages"}],"about":[{"href":"https:\/\/goodgut.eu\/ca\/wp-json\/wp\/v2\/types\/page"}],"author":[{"embeddable":true,"href":"https:\/\/goodgut.eu\/ca\/wp-json\/wp\/v2\/users\/1"}],"replies":[{"embeddable":true,"href":"https:\/\/goodgut.eu\/ca\/wp-json\/wp\/v2\/comments?post=2668"}],"version-history":[{"count":9,"href":"https:\/\/goodgut.eu\/ca\/wp-json\/wp\/v2\/pages\/2668\/revisions"}],"predecessor-version":[{"id":11652,"href":"https:\/\/goodgut.eu\/ca\/wp-json\/wp\/v2\/pages\/2668\/revisions\/11652"}],"wp:attachment":[{"href":"https:\/\/goodgut.eu\/ca\/wp-json\/wp\/v2\/media?parent=2668"}],"curies":[{"name":"wp","href":"https:\/\/api.w.org\/{rel}","templated":true}]}}